{"id":156,"date":"2025-06-17T14:17:25","date_gmt":"2025-06-17T12:17:25","guid":{"rendered":"https:\/\/apbillardclub.fr\/?page_id=156"},"modified":"2026-01-27T13:57:33","modified_gmt":"2026-01-27T12:57:33","slug":"tarifs","status":"publish","type":"page","link":"https:\/\/apbillardclub.fr\/index.php\/tarifs\/","title":{"rendered":"Tarifs"},"content":{"rendered":"\n<p class=\"has-text-align-center\">Adh\u00e9sion annuelle du 1<sup>er<\/sup> septembre au 31 ao\u00fbt (comprend la licence FFB et l&rsquo;acc\u00e8s au club)<\/p>\n\n\n\n<figure class=\"wp-block-table\"><table class=\"has-fixed-layout\"><tbody><tr><td class=\"has-text-align-center\" data-align=\"center\"><strong>Tarifs 2025\/2026<\/strong><\/td><td class=\"has-text-align-center\" data-align=\"center\"><strong>Du 01\/09\/2025 au 31\/08\/2026<\/strong><\/td><td class=\"has-text-align-center\" data-align=\"center\"><strong>Du 01\/01\/2026 au 31\/08\/2026<\/strong><\/td><\/tr><tr><td class=\"has-text-align-center\" data-align=\"center\">Licence + de 21 ans<\/td><td class=\"has-text-align-center\" data-align=\"center\">200 \u20ac<\/td><td class=\"has-text-align-center\" data-align=\"center\"><strong>139,50 \u20ac<\/strong><\/td><\/tr><tr><td class=\"has-text-align-center\" data-align=\"center\">1<sup>\u00e8re<\/sup> Licence FFB + de 21 ans<\/td><td class=\"has-text-align-center\" data-align=\"center\">181 \u20ac<\/td><td class=\"has-text-align-center\" data-align=\"center\"><strong>120,50 \u20ac<\/strong><\/td><\/tr><tr><td class=\"has-text-align-center\" data-align=\"center\">Licence &#8211; de 21 ans<\/td><td class=\"has-text-align-center\" data-align=\"center\">121 \u20ac<\/td><td class=\"has-text-align-center\" data-align=\"center\"><strong>71 \u20ac<\/strong><\/td><\/tr><tr><td class=\"has-text-align-center\" data-align=\"center\">Licence &#8211; de 15 ans<\/td><td class=\"has-text-align-center\" data-align=\"center\">21 \u20ac<\/td><td class=\"has-text-align-center\" data-align=\"center\"><strong>21 \u20ac<\/strong><\/td><\/tr><\/tbody><\/table><\/figure>\n\n\n\n<p class=\"has-text-align-center\"><mark style=\"background-color:rgba(0, 0, 0, 0)\" class=\"has-inline-color has-colibri-color-3-color\">Tous nos adh\u00e9rents sont obligatoirement licenci\u00e9s \u00e0 la F\u00e9d\u00e9ration Fran\u00e7aise de Billard<\/mark><\/p>\n\n\n\n<p class=\"has-text-align-center\">Acc\u00e8s \u00e0 la salle pendant les heures d&rsquo;ouverture<\/p>\n\n\n\n<figure class=\"wp-block-table\"><table class=\"has-fixed-layout\"><tbody><tr><td class=\"has-text-align-center\" data-align=\"center\">Joueur licenci\u00e9 FFB (autre club)<\/td><td class=\"has-text-align-center\" data-align=\"center\">5 \u20ac \/ h<\/td><\/tr><tr><td class=\"has-text-align-center\" data-align=\"center\">Tarif public<\/td><td class=\"has-text-align-center\" data-align=\"center\">10 \u20ac \/ h<\/td><\/tr><tr><td class=\"has-text-align-center\" data-align=\"center\">Formule d\u00e9couverte<\/td><td class=\"has-text-align-center\" data-align=\"center\">20 \u20ac pour 5h (en plusieurs s\u00e9ances)<\/td><\/tr><\/tbody><\/table><\/figure>\n","protected":false},"excerpt":{"rendered":"<p>Adh\u00e9sion annuelle du 1er septembre au 31 ao\u00fbt (comprend la licence FFB et [&hellip;]<\/p>\n","protected":false},"author":3,"featured_media":0,"parent":0,"menu_order":0,"comment_status":"closed","ping_status":"closed","template":"","meta":{"footnotes":""},"class_list":["post-156","page","type-page","status-publish","hentry"],"yoast_head":"<!-- This site is optimized with the Yoast SEO plugin v25.9 - https:\/\/yoast.com\/wordpress\/plugins\/seo\/ -->\n<title>Tarifs - Amiens Picardie Billard<\/title>\n<meta name=\"robots\" content=\"index, follow, max-snippet:-1, max-image-preview:large, max-video-preview:-1\" \/>\n<link rel=\"canonical\" href=\"https:\/\/apbillardclub.fr\/index.php\/tarifs\/\" \/>\n<meta property=\"og:locale\" content=\"fr_FR\" \/>\n<meta property=\"og:type\" content=\"article\" \/>\n<meta property=\"og:title\" content=\"Tarifs - Amiens Picardie Billard\" \/>\n<meta property=\"og:description\" content=\"Adh\u00e9sion annuelle du 1er septembre au 31 ao\u00fbt (comprend la licence FFB et [&hellip;]\" \/>\n<meta property=\"og:url\" content=\"https:\/\/apbillardclub.fr\/index.php\/tarifs\/\" \/>\n<meta property=\"og:site_name\" content=\"Amiens Picardie Billard\" \/>\n<meta property=\"article:publisher\" content=\"https:\/\/www.facebook.com\/profile.php?id=100054000347820\" \/>\n<meta property=\"article:modified_time\" content=\"2026-01-27T12:57:33+00:00\" \/>\n<meta property=\"og:image\" content=\"https:\/\/apbillardclub.fr\/wp-content\/uploads\/2025\/08\/cropped-fond-1-scaled-1.jpg\" \/>\n\t<meta property=\"og:image:width\" content=\"2560\" \/>\n\t<meta property=\"og:image:height\" content=\"1601\" \/>\n\t<meta property=\"og:image:type\" content=\"image\/jpeg\" \/>\n<meta name=\"twitter:card\" content=\"summary_large_image\" \/>\n<meta name=\"twitter:label1\" content=\"Dur\u00e9e de lecture estim\u00e9e\" \/>\n\t<meta name=\"twitter:data1\" content=\"1 minute\" \/>\n<script type=\"application\/ld+json\" class=\"yoast-schema-graph\">{\"@context\":\"https:\/\/schema.org\",\"@graph\":[{\"@type\":\"WebPage\",\"@id\":\"https:\/\/apbillardclub.fr\/index.php\/tarifs\/\",\"url\":\"https:\/\/apbillardclub.fr\/index.php\/tarifs\/\",\"name\":\"Tarifs - Amiens Picardie Billard\",\"isPartOf\":{\"@id\":\"https:\/\/apbillardclub.fr\/#website\"},\"datePublished\":\"2025-06-17T12:17:25+00:00\",\"dateModified\":\"2026-01-27T12:57:33+00:00\",\"breadcrumb\":{\"@id\":\"https:\/\/apbillardclub.fr\/index.php\/tarifs\/#breadcrumb\"},\"inLanguage\":\"fr-FR\",\"potentialAction\":[{\"@type\":\"ReadAction\",\"target\":[\"https:\/\/apbillardclub.fr\/index.php\/tarifs\/\"]}]},{\"@type\":\"BreadcrumbList\",\"@id\":\"https:\/\/apbillardclub.fr\/index.php\/tarifs\/#breadcrumb\",\"itemListElement\":[{\"@type\":\"ListItem\",\"position\":1,\"name\":\"Accueil\",\"item\":\"https:\/\/apbillardclub.fr\/\"},{\"@type\":\"ListItem\",\"position\":2,\"name\":\"Tarifs\"}]},{\"@type\":\"WebSite\",\"@id\":\"https:\/\/apbillardclub.fr\/#website\",\"url\":\"https:\/\/apbillardclub.fr\/\",\"name\":\"Amiens Picardie Billard\",\"description\":\"APB\",\"publisher\":{\"@id\":\"https:\/\/apbillardclub.fr\/#organization\"},\"alternateName\":\"Club FFB de billard d'Amiens\",\"potentialAction\":[{\"@type\":\"SearchAction\",\"target\":{\"@type\":\"EntryPoint\",\"urlTemplate\":\"https:\/\/apbillardclub.fr\/?s={search_term_string}\"},\"query-input\":{\"@type\":\"PropertyValueSpecification\",\"valueRequired\":true,\"valueName\":\"search_term_string\"}}],\"inLanguage\":\"fr-FR\"},{\"@type\":\"Organization\",\"@id\":\"https:\/\/apbillardclub.fr\/#organization\",\"name\":\"Amiens Picardie Billard\",\"url\":\"https:\/\/apbillardclub.fr\/\",\"logo\":{\"@type\":\"ImageObject\",\"inLanguage\":\"fr-FR\",\"@id\":\"https:\/\/apbillardclub.fr\/#\/schema\/logo\/image\/\",\"url\":\"https:\/\/apbillardclub.fr\/wp-content\/uploads\/2025\/05\/cropped-profil-2.jpg\",\"contentUrl\":\"https:\/\/apbillardclub.fr\/wp-content\/uploads\/2025\/05\/cropped-profil-2.jpg\",\"width\":718,\"height\":718,\"caption\":\"Amiens Picardie Billard\"},\"image\":{\"@id\":\"https:\/\/apbillardclub.fr\/#\/schema\/logo\/image\/\"},\"sameAs\":[\"https:\/\/www.facebook.com\/profile.php?id=100054000347820\"]}]}<\/script>\n<!-- \/ Yoast SEO plugin. -->","yoast_head_json":{"title":"Tarifs - Amiens Picardie Billard","robots":{"index":"index","follow":"follow","max-snippet":"max-snippet:-1","max-image-preview":"max-image-preview:large","max-video-preview":"max-video-preview:-1"},"canonical":"https:\/\/apbillardclub.fr\/index.php\/tarifs\/","og_locale":"fr_FR","og_type":"article","og_title":"Tarifs - Amiens Picardie Billard","og_description":"Adh\u00e9sion annuelle du 1er septembre au 31 ao\u00fbt (comprend la licence FFB et [&hellip;]","og_url":"https:\/\/apbillardclub.fr\/index.php\/tarifs\/","og_site_name":"Amiens Picardie Billard","article_publisher":"https:\/\/www.facebook.com\/profile.php?id=100054000347820","article_modified_time":"2026-01-27T12:57:33+00:00","og_image":[{"width":2560,"height":1601,"url":"https:\/\/apbillardclub.fr\/wp-content\/uploads\/2025\/08\/cropped-fond-1-scaled-1.jpg","type":"image\/jpeg"}],"twitter_card":"summary_large_image","twitter_misc":{"Dur\u00e9e de lecture estim\u00e9e":"1 minute"},"schema":{"@context":"https:\/\/schema.org","@graph":[{"@type":"WebPage","@id":"https:\/\/apbillardclub.fr\/index.php\/tarifs\/","url":"https:\/\/apbillardclub.fr\/index.php\/tarifs\/","name":"Tarifs - Amiens Picardie Billard","isPartOf":{"@id":"https:\/\/apbillardclub.fr\/#website"},"datePublished":"2025-06-17T12:17:25+00:00","dateModified":"2026-01-27T12:57:33+00:00","breadcrumb":{"@id":"https:\/\/apbillardclub.fr\/index.php\/tarifs\/#breadcrumb"},"inLanguage":"fr-FR","potentialAction":[{"@type":"ReadAction","target":["https:\/\/apbillardclub.fr\/index.php\/tarifs\/"]}]},{"@type":"BreadcrumbList","@id":"https:\/\/apbillardclub.fr\/index.php\/tarifs\/#breadcrumb","itemListElement":[{"@type":"ListItem","position":1,"name":"Accueil","item":"https:\/\/apbillardclub.fr\/"},{"@type":"ListItem","position":2,"name":"Tarifs"}]},{"@type":"WebSite","@id":"https:\/\/apbillardclub.fr\/#website","url":"https:\/\/apbillardclub.fr\/","name":"Amiens Picardie Billard","description":"APB","publisher":{"@id":"https:\/\/apbillardclub.fr\/#organization"},"alternateName":"Club FFB de billard d'Amiens","potentialAction":[{"@type":"SearchAction","target":{"@type":"EntryPoint","urlTemplate":"https:\/\/apbillardclub.fr\/?s={search_term_string}"},"query-input":{"@type":"PropertyValueSpecification","valueRequired":true,"valueName":"search_term_string"}}],"inLanguage":"fr-FR"},{"@type":"Organization","@id":"https:\/\/apbillardclub.fr\/#organization","name":"Amiens Picardie Billard","url":"https:\/\/apbillardclub.fr\/","logo":{"@type":"ImageObject","inLanguage":"fr-FR","@id":"https:\/\/apbillardclub.fr\/#\/schema\/logo\/image\/","url":"https:\/\/apbillardclub.fr\/wp-content\/uploads\/2025\/05\/cropped-profil-2.jpg","contentUrl":"https:\/\/apbillardclub.fr\/wp-content\/uploads\/2025\/05\/cropped-profil-2.jpg","width":718,"height":718,"caption":"Amiens Picardie Billard"},"image":{"@id":"https:\/\/apbillardclub.fr\/#\/schema\/logo\/image\/"},"sameAs":["https:\/\/www.facebook.com\/profile.php?id=100054000347820"]}]}},"_links":{"self":[{"href":"https:\/\/apbillardclub.fr\/index.php\/wp-json\/wp\/v2\/pages\/156","targetHints":{"allow":["GET"]}}],"collection":[{"href":"https:\/\/apbillardclub.fr\/index.php\/wp-json\/wp\/v2\/pages"}],"about":[{"href":"https:\/\/apbillardclub.fr\/index.php\/wp-json\/wp\/v2\/types\/page"}],"author":[{"embeddable":true,"href":"https:\/\/apbillardclub.fr\/index.php\/wp-json\/wp\/v2\/users\/3"}],"replies":[{"embeddable":true,"href":"https:\/\/apbillardclub.fr\/index.php\/wp-json\/wp\/v2\/comments?post=156"}],"version-history":[{"count":1,"href":"https:\/\/apbillardclub.fr\/index.php\/wp-json\/wp\/v2\/pages\/156\/revisions"}],"predecessor-version":[{"id":1110,"href":"https:\/\/apbillardclub.fr\/index.php\/wp-json\/wp\/v2\/pages\/156\/revisions\/1110"}],"wp:attachment":[{"href":"https:\/\/apbillardclub.fr\/index.php\/wp-json\/wp\/v2\/media?parent=156"}],"curies":[{"name":"wp","href":"https:\/\/api.w.org\/{rel}","templated":true}]}}