{"id":158,"date":"2025-06-17T14:34:30","date_gmt":"2025-06-17T12:34:30","guid":{"rendered":"https:\/\/apbillardclub.fr\/?page_id=158"},"modified":"2025-08-03T20:31:26","modified_gmt":"2025-08-03T18:31:26","slug":"qui-sommes-nous","status":"publish","type":"page","link":"https:\/\/apbillardclub.fr\/index.php\/qui-sommes-nous\/","title":{"rendered":"Qui sommes-nous ?"},"content":{"rendered":"<div data-colibri-id=\"158-c1\" class=\"style-445 style-local-158-c1 position-relative\">\n  <!----><\/p>\n<div data-colibri-component=\"section\" data-colibri-id=\"158-c2\" id=\"initial-content\" class=\"h-section h-section-global-spacing d-flex align-items-lg-center align-items-md-center align-items-center style-446 style-local-158-c2 position-relative\">\n    <!----><br \/>\n    <!----><\/p>\n<div class=\"h-section-grid-container h-section-boxed-container\">\n      <!----><\/p>\n<div data-colibri-id=\"158-c3\" class=\"h-row-container gutters-row-lg-2 gutters-row-md-2 gutters-row-0 gutters-row-v-lg-2 gutters-row-v-md-2 gutters-row-v-2 style-447 style-local-158-c3 position-relative\">\n        <!----><\/p>\n<div class=\"h-row justify-content-lg-center justify-content-md-center justify-content-center align-items-lg-stretch align-items-md-stretch align-items-stretch gutters-col-lg-2 gutters-col-md-2 gutters-col-0 gutters-col-v-lg-2 gutters-col-v-md-2 gutters-col-v-2\">\n          <!----><\/p>\n<div class=\"h-column h-column-container d-flex h-col-lg-auto h-col-md-auto h-col-auto style-448-outer style-local-158-c4-outer\">\n<div data-colibri-id=\"158-c4\" class=\"d-flex h-flex-basis h-column__inner h-px-lg-2 h-px-md-2 h-px-2 v-inner-lg-2 v-inner-md-2 v-inner-2 style-448 style-local-158-c4 position-relative\">\n              <!----><br \/>\n              <!----><\/p>\n<div class=\"w-100 h-y-container h-column__content h-column__v-align flex-basis-100 align-self-lg-start align-self-md-start align-self-start\">\n                <!----><\/p>\n<div data-colibri-id=\"158-c5\" class=\"d-block style-451 style-local-158-c5 position-relative h-element\">\n                  <!----><\/p>\n<div class=\"h-image__frame-container-outer\">\n<div class=\"h-image__frame-container\">\n                      <!----><br \/>\n                      <!----><br \/>\n                      <img loading=\"lazy\" decoding=\"async\" width=\"718\" height=\"718\" src=\"https:\/\/apbillardclub.fr\/wp-content\/uploads\/2025\/05\/cropped-profil-2.jpg\" class=\"wp-image-573 style-451-image style-local-158-c5-image\" alt=\"\" srcset=\"https:\/\/apbillardclub.fr\/wp-content\/uploads\/2025\/05\/cropped-profil-2.jpg 718w, https:\/\/apbillardclub.fr\/wp-content\/uploads\/2025\/05\/cropped-profil-2-300x300.jpg 300w, https:\/\/apbillardclub.fr\/wp-content\/uploads\/2025\/05\/cropped-profil-2-150x150.jpg 150w, https:\/\/apbillardclub.fr\/wp-content\/uploads\/2025\/05\/cropped-profil-2-600x600.jpg 600w, https:\/\/apbillardclub.fr\/wp-content\/uploads\/2025\/05\/cropped-profil-2-100x100.jpg 100w\" sizes=\"auto, (max-width: 718px) 100vw, 718px\" \/><\/p>\n<div class=\"h-image__frame h-hide-lg h-hide-md h-hide-sm style-451-frameImage style-local-158-c5-frameImage\"><\/div>\n<\/p>\n<\/div>\n<\/div>\n<\/div>\n<\/div>\n<\/div>\n<\/div>\n<div class=\"h-column h-column-container d-flex h-col-lg-auto h-col-md-auto h-col-auto style-450-outer style-local-158-c6-outer\">\n<div data-colibri-id=\"158-c6\" class=\"d-flex h-flex-basis h-column__inner h-px-lg-2 h-px-md-2 h-px-2 v-inner-lg-2 v-inner-md-2 v-inner-2 style-450 style-local-158-c6 position-relative\">\n              <!----><br \/>\n              <!----><\/p>\n<div class=\"w-100 h-y-container h-column__content h-column__v-align flex-basis-100 align-self-lg-start align-self-md-start align-self-start\">\n                <!----><\/p>\n<div data-colibri-id=\"158-c7\" class=\"style-449 style-local-158-c7 position-relative h-element\">\n                  <!----><\/p>\n<div>\n\n\n<p class=\"has-text-align-center\">Bienvenue \u00e0 l\u2019Amiens Picardie Billard<\/p>\n\n\n\n<p>Depuis <strong>1993<\/strong>, l\u2019association <strong>Amiens Picardie Billard<\/strong> est affili\u00e9e \u00e0 la <strong>F\u00e9d\u00e9ration Fran\u00e7aise de Billard<\/strong> et fait rayonner la passion du billard \u00e0 Amiens et dans toute la r\u00e9gion <strong>Hauts-de-France<\/strong>.<\/p>\n\n\n\n<h3 class=\"wp-block-heading\">Un club pour tous les passionn\u00e9s<\/h3>\n\n\n\n<p>Que vous soyez <strong>d\u00e9butant<\/strong>, <strong>joueur loisir<\/strong> ou <strong>comp\u00e9titeur confirm\u00e9<\/strong>, notre club vous accueille dans une ambiance chaleureuse et conviviale. Encadr\u00e9 par des b\u00e9n\u00e9voles passionn\u00e9s, l\u2019Amiens Picardie Billard vous propose de pratiquer plusieurs disciplines reconnues :<\/p>\n\n\n\n<p>\ud83c\udfb1 <strong>Billard Fran\u00e7ais<\/strong> (carambole) \u2013 pour les amateurs de finesse et de pr\u00e9cision<\/p>\n\n\n\n<p>\ud83c\udfb1 <strong>Billard Am\u00e9ricain<\/strong> \u2013 dynamique et spectaculaire, avec ses c\u00e9l\u00e8bres parties de 8-ball ou 9-ball<\/p>\n\n\n\n<p>\ud83c\udfb1 <strong>Blackball (pool anglais)<\/strong> \u2013 accessible, rapide et strat\u00e9gique<\/p>\n\n\n\n<p>Nos membres participent r\u00e9guli\u00e8rement \u00e0 des <strong>tournois r\u00e9gionaux et nationaux<\/strong>, et nous organisons aussi des \u00e9v\u00e9nements ouverts au public tout au long de l\u2019ann\u00e9e.<\/p>\n\n\n\n<h3 class=\"wp-block-heading\">Une salle d\u00e9di\u00e9e, au c\u0153ur d\u2019Amiens<\/h3>\n\n\n\n<p>Notre salle de billard est id\u00e9alement situ\u00e9e <strong>au 56 rue Riolan \u00e0 Amiens<\/strong>, juste <strong>derri\u00e8re la gare SNCF<\/strong>, pour un acc\u00e8s facile en transports en commun ou en voiture.<\/p>\n\n\n\n<p>Elle est \u00e9quip\u00e9e de plusieurs tables de qualit\u00e9 professionnelle, adapt\u00e9es \u00e0 chaque discipline, et offre un cadre propice \u00e0 la d\u00e9tente, \u00e0 l\u2019apprentissage et \u00e0 la comp\u00e9tition.<\/p>\n\n\n\n<hr class=\"wp-block-separator has-alpha-channel-opacity\"\/>\n\n\n\n<h3 class=\"wp-block-heading\">Rejoignez-nous !<\/h3>\n\n\n\n<p>Envie de d\u00e9couvrir le billard ou de rejoindre une communaut\u00e9 de passionn\u00e9s ? Venez nous rencontrer, assister \u00e0 une s\u00e9ance d\u00e9couverte ou vous inscrire \u00e0 l\u2019un de nos cours ou tournois.<\/p>\n\n\n\n<p class=\"has-text-align-center\"><strong><a href=\"https:\/\/apbillardclub.fr\/index.php\/nous-contacter\/\" data-type=\"page\" data-id=\"234\">Contactez-nous<\/a> d\u00e8s aujourd\u2019hui<\/strong> ou passez nous voir pour partager votre passion du jeu !<\/p>\n\n\n\n<p><\/p>\n\n\n<\/div>\n<\/div>\n<\/div>\n<\/div>\n<\/div>\n<\/div>\n<\/div>\n<div data-colibri-id=\"158-c8\" class=\"h-row-container gutters-row-lg-2 gutters-row-md-2 gutters-row-0 gutters-row-v-lg-2 gutters-row-v-md-2 gutters-row-v-2 style-452 style-local-158-c8 position-relative\">\n        <!----><\/p>\n<div class=\"h-row justify-content-lg-center justify-content-md-center justify-content-center align-items-lg-stretch align-items-md-stretch align-items-stretch gutters-col-lg-2 gutters-col-md-2 gutters-col-0 gutters-col-v-lg-2 gutters-col-v-md-2 gutters-col-v-2\">\n          <!----><\/p>\n<div class=\"h-column h-column-container d-flex h-col-lg-auto h-col-md-auto h-col-auto style-453-outer style-local-158-c9-outer\">\n<div data-colibri-id=\"158-c9\" class=\"d-flex h-flex-basis h-column__inner h-px-lg-2 h-px-md-2 h-px-2 v-inner-lg-2 v-inner-md-2 v-inner-2 style-453 style-local-158-c9 position-relative\">\n              <!----><br \/>\n              <!----><\/p>\n<div class=\"w-100 h-y-container h-column__content h-column__v-align flex-basis-100 align-self-lg-start align-self-md-start align-self-start\">\n                <!----><\/p>\n<div data-colibri-id=\"158-c10\" class=\"d-block style-455 style-local-158-c10 position-relative h-element\">\n                  <!----><\/p>\n<div class=\"h-image__frame-container-outer\">\n<div class=\"h-image__frame-container\">\n                      <!----><br \/>\n                      <!----><br \/>\n                      <img loading=\"lazy\" decoding=\"async\" width=\"2047\" height=\"1066\" src=\"https:\/\/apbillardclub.fr\/wp-content\/uploads\/2025\/08\/cropped-salle.jpg\" class=\"wp-image-583 style-455-image style-local-158-c10-image\" alt=\"\" srcset=\"https:\/\/apbillardclub.fr\/wp-content\/uploads\/2025\/08\/cropped-salle.jpg 2047w, https:\/\/apbillardclub.fr\/wp-content\/uploads\/2025\/08\/cropped-salle-300x156.jpg 300w, https:\/\/apbillardclub.fr\/wp-content\/uploads\/2025\/08\/cropped-salle-1024x533.jpg 1024w, https:\/\/apbillardclub.fr\/wp-content\/uploads\/2025\/08\/cropped-salle-768x400.jpg 768w, https:\/\/apbillardclub.fr\/wp-content\/uploads\/2025\/08\/cropped-salle-1536x800.jpg 1536w, https:\/\/apbillardclub.fr\/wp-content\/uploads\/2025\/08\/cropped-salle-600x312.jpg 600w\" sizes=\"auto, (max-width: 2047px) 100vw, 2047px\" \/><\/p>\n<div class=\"h-image__frame h-hide-lg h-hide-md h-hide-sm style-455-frameImage style-local-158-c10-frameImage\"><\/div>\n<\/p>\n<\/div>\n<\/div>\n<\/div>\n<\/div>\n<\/div>\n<\/div>\n<\/div>\n<\/div>\n<\/div>\n<\/div>\n<\/div>","protected":false},"excerpt":{"rendered":"<p>Bienvenue \u00e0 l\u2019Amiens Picardie Billard Depuis 1993, l\u2019association Amiens Picardie Billard est affili\u00e9e [&hellip;]<\/p>\n","protected":false},"author":3,"featured_media":0,"parent":0,"menu_order":0,"comment_status":"closed","ping_status":"closed","template":"page-templates\/full-width-page.php","meta":{"footnotes":""},"class_list":["post-158","page","type-page","status-publish","hentry"],"yoast_head":"<!-- This site is optimized with the Yoast SEO plugin v25.9 - https:\/\/yoast.com\/wordpress\/plugins\/seo\/ -->\n<title>Qui sommes-nous ? - Amiens Picardie Billard<\/title>\n<meta name=\"robots\" content=\"index, follow, max-snippet:-1, max-image-preview:large, max-video-preview:-1\" \/>\n<link rel=\"canonical\" href=\"https:\/\/apbillardclub.fr\/index.php\/qui-sommes-nous\/\" \/>\n<meta property=\"og:locale\" content=\"fr_FR\" \/>\n<meta property=\"og:type\" content=\"article\" \/>\n<meta property=\"og:title\" content=\"Qui sommes-nous ? - Amiens Picardie Billard\" \/>\n<meta property=\"og:description\" content=\"Bienvenue \u00e0 l\u2019Amiens Picardie Billard Depuis 1993, l\u2019association Amiens Picardie Billard est affili\u00e9e [&hellip;]\" \/>\n<meta property=\"og:url\" content=\"https:\/\/apbillardclub.fr\/index.php\/qui-sommes-nous\/\" \/>\n<meta property=\"og:site_name\" content=\"Amiens Picardie Billard\" \/>\n<meta property=\"article:publisher\" content=\"https:\/\/www.facebook.com\/profile.php?id=100054000347820\" \/>\n<meta property=\"article:modified_time\" content=\"2025-08-03T18:31:26+00:00\" \/>\n<meta property=\"og:image\" content=\"http:\/\/apbillardclub.fr\/wp-content\/uploads\/2025\/05\/cropped-profil-2.jpg\" \/>\n<meta name=\"twitter:card\" content=\"summary_large_image\" \/>\n<meta name=\"twitter:label1\" content=\"Dur\u00e9e de lecture estim\u00e9e\" \/>\n\t<meta name=\"twitter:data1\" content=\"1 minute\" \/>\n<script type=\"application\/ld+json\" class=\"yoast-schema-graph\">{\"@context\":\"https:\/\/schema.org\",\"@graph\":[{\"@type\":\"WebPage\",\"@id\":\"https:\/\/apbillardclub.fr\/index.php\/qui-sommes-nous\/\",\"url\":\"https:\/\/apbillardclub.fr\/index.php\/qui-sommes-nous\/\",\"name\":\"Qui sommes-nous ? - Amiens Picardie Billard\",\"isPartOf\":{\"@id\":\"https:\/\/apbillardclub.fr\/#website\"},\"primaryImageOfPage\":{\"@id\":\"https:\/\/apbillardclub.fr\/index.php\/qui-sommes-nous\/#primaryimage\"},\"image\":{\"@id\":\"https:\/\/apbillardclub.fr\/index.php\/qui-sommes-nous\/#primaryimage\"},\"thumbnailUrl\":\"http:\/\/apbillardclub.fr\/wp-content\/uploads\/2025\/05\/cropped-profil-2.jpg\",\"datePublished\":\"2025-06-17T12:34:30+00:00\",\"dateModified\":\"2025-08-03T18:31:26+00:00\",\"breadcrumb\":{\"@id\":\"https:\/\/apbillardclub.fr\/index.php\/qui-sommes-nous\/#breadcrumb\"},\"inLanguage\":\"fr-FR\",\"potentialAction\":[{\"@type\":\"ReadAction\",\"target\":[\"https:\/\/apbillardclub.fr\/index.php\/qui-sommes-nous\/\"]}]},{\"@type\":\"ImageObject\",\"inLanguage\":\"fr-FR\",\"@id\":\"https:\/\/apbillardclub.fr\/index.php\/qui-sommes-nous\/#primaryimage\",\"url\":\"http:\/\/apbillardclub.fr\/wp-content\/uploads\/2025\/05\/cropped-profil-2.jpg\",\"contentUrl\":\"http:\/\/apbillardclub.fr\/wp-content\/uploads\/2025\/05\/cropped-profil-2.jpg\"},{\"@type\":\"BreadcrumbList\",\"@id\":\"https:\/\/apbillardclub.fr\/index.php\/qui-sommes-nous\/#breadcrumb\",\"itemListElement\":[{\"@type\":\"ListItem\",\"position\":1,\"name\":\"Accueil\",\"item\":\"https:\/\/apbillardclub.fr\/\"},{\"@type\":\"ListItem\",\"position\":2,\"name\":\"Qui sommes-nous ?\"}]},{\"@type\":\"WebSite\",\"@id\":\"https:\/\/apbillardclub.fr\/#website\",\"url\":\"https:\/\/apbillardclub.fr\/\",\"name\":\"Amiens Picardie Billard\",\"description\":\"APB\",\"publisher\":{\"@id\":\"https:\/\/apbillardclub.fr\/#organization\"},\"alternateName\":\"Club FFB de billard d'Amiens\",\"potentialAction\":[{\"@type\":\"SearchAction\",\"target\":{\"@type\":\"EntryPoint\",\"urlTemplate\":\"https:\/\/apbillardclub.fr\/?s={search_term_string}\"},\"query-input\":{\"@type\":\"PropertyValueSpecification\",\"valueRequired\":true,\"valueName\":\"search_term_string\"}}],\"inLanguage\":\"fr-FR\"},{\"@type\":\"Organization\",\"@id\":\"https:\/\/apbillardclub.fr\/#organization\",\"name\":\"Amiens Picardie Billard\",\"url\":\"https:\/\/apbillardclub.fr\/\",\"logo\":{\"@type\":\"ImageObject\",\"inLanguage\":\"fr-FR\",\"@id\":\"https:\/\/apbillardclub.fr\/#\/schema\/logo\/image\/\",\"url\":\"https:\/\/apbillardclub.fr\/wp-content\/uploads\/2025\/05\/cropped-profil-2.jpg\",\"contentUrl\":\"https:\/\/apbillardclub.fr\/wp-content\/uploads\/2025\/05\/cropped-profil-2.jpg\",\"width\":718,\"height\":718,\"caption\":\"Amiens Picardie Billard\"},\"image\":{\"@id\":\"https:\/\/apbillardclub.fr\/#\/schema\/logo\/image\/\"},\"sameAs\":[\"https:\/\/www.facebook.com\/profile.php?id=100054000347820\"]}]}<\/script>\n<!-- \/ Yoast SEO plugin. -->","yoast_head_json":{"title":"Qui sommes-nous ? - Amiens Picardie Billard","robots":{"index":"index","follow":"follow","max-snippet":"max-snippet:-1","max-image-preview":"max-image-preview:large","max-video-preview":"max-video-preview:-1"},"canonical":"https:\/\/apbillardclub.fr\/index.php\/qui-sommes-nous\/","og_locale":"fr_FR","og_type":"article","og_title":"Qui sommes-nous ? - Amiens Picardie Billard","og_description":"Bienvenue \u00e0 l\u2019Amiens Picardie Billard Depuis 1993, l\u2019association Amiens Picardie Billard est affili\u00e9e [&hellip;]","og_url":"https:\/\/apbillardclub.fr\/index.php\/qui-sommes-nous\/","og_site_name":"Amiens Picardie Billard","article_publisher":"https:\/\/www.facebook.com\/profile.php?id=100054000347820","article_modified_time":"2025-08-03T18:31:26+00:00","og_image":[{"url":"http:\/\/apbillardclub.fr\/wp-content\/uploads\/2025\/05\/cropped-profil-2.jpg","type":"","width":"","height":""}],"twitter_card":"summary_large_image","twitter_misc":{"Dur\u00e9e de lecture estim\u00e9e":"1 minute"},"schema":{"@context":"https:\/\/schema.org","@graph":[{"@type":"WebPage","@id":"https:\/\/apbillardclub.fr\/index.php\/qui-sommes-nous\/","url":"https:\/\/apbillardclub.fr\/index.php\/qui-sommes-nous\/","name":"Qui sommes-nous ? - Amiens Picardie Billard","isPartOf":{"@id":"https:\/\/apbillardclub.fr\/#website"},"primaryImageOfPage":{"@id":"https:\/\/apbillardclub.fr\/index.php\/qui-sommes-nous\/#primaryimage"},"image":{"@id":"https:\/\/apbillardclub.fr\/index.php\/qui-sommes-nous\/#primaryimage"},"thumbnailUrl":"http:\/\/apbillardclub.fr\/wp-content\/uploads\/2025\/05\/cropped-profil-2.jpg","datePublished":"2025-06-17T12:34:30+00:00","dateModified":"2025-08-03T18:31:26+00:00","breadcrumb":{"@id":"https:\/\/apbillardclub.fr\/index.php\/qui-sommes-nous\/#breadcrumb"},"inLanguage":"fr-FR","potentialAction":[{"@type":"ReadAction","target":["https:\/\/apbillardclub.fr\/index.php\/qui-sommes-nous\/"]}]},{"@type":"ImageObject","inLanguage":"fr-FR","@id":"https:\/\/apbillardclub.fr\/index.php\/qui-sommes-nous\/#primaryimage","url":"http:\/\/apbillardclub.fr\/wp-content\/uploads\/2025\/05\/cropped-profil-2.jpg","contentUrl":"http:\/\/apbillardclub.fr\/wp-content\/uploads\/2025\/05\/cropped-profil-2.jpg"},{"@type":"BreadcrumbList","@id":"https:\/\/apbillardclub.fr\/index.php\/qui-sommes-nous\/#breadcrumb","itemListElement":[{"@type":"ListItem","position":1,"name":"Accueil","item":"https:\/\/apbillardclub.fr\/"},{"@type":"ListItem","position":2,"name":"Qui sommes-nous ?"}]},{"@type":"WebSite","@id":"https:\/\/apbillardclub.fr\/#website","url":"https:\/\/apbillardclub.fr\/","name":"Amiens Picardie Billard","description":"APB","publisher":{"@id":"https:\/\/apbillardclub.fr\/#organization"},"alternateName":"Club FFB de billard d'Amiens","potentialAction":[{"@type":"SearchAction","target":{"@type":"EntryPoint","urlTemplate":"https:\/\/apbillardclub.fr\/?s={search_term_string}"},"query-input":{"@type":"PropertyValueSpecification","valueRequired":true,"valueName":"search_term_string"}}],"inLanguage":"fr-FR"},{"@type":"Organization","@id":"https:\/\/apbillardclub.fr\/#organization","name":"Amiens Picardie Billard","url":"https:\/\/apbillardclub.fr\/","logo":{"@type":"ImageObject","inLanguage":"fr-FR","@id":"https:\/\/apbillardclub.fr\/#\/schema\/logo\/image\/","url":"https:\/\/apbillardclub.fr\/wp-content\/uploads\/2025\/05\/cropped-profil-2.jpg","contentUrl":"https:\/\/apbillardclub.fr\/wp-content\/uploads\/2025\/05\/cropped-profil-2.jpg","width":718,"height":718,"caption":"Amiens Picardie Billard"},"image":{"@id":"https:\/\/apbillardclub.fr\/#\/schema\/logo\/image\/"},"sameAs":["https:\/\/www.facebook.com\/profile.php?id=100054000347820"]}]}},"_links":{"self":[{"href":"https:\/\/apbillardclub.fr\/index.php\/wp-json\/wp\/v2\/pages\/158","targetHints":{"allow":["GET"]}}],"collection":[{"href":"https:\/\/apbillardclub.fr\/index.php\/wp-json\/wp\/v2\/pages"}],"about":[{"href":"https:\/\/apbillardclub.fr\/index.php\/wp-json\/wp\/v2\/types\/page"}],"author":[{"embeddable":true,"href":"https:\/\/apbillardclub.fr\/index.php\/wp-json\/wp\/v2\/users\/3"}],"replies":[{"embeddable":true,"href":"https:\/\/apbillardclub.fr\/index.php\/wp-json\/wp\/v2\/comments?post=158"}],"version-history":[{"count":11,"href":"https:\/\/apbillardclub.fr\/index.php\/wp-json\/wp\/v2\/pages\/158\/revisions"}],"predecessor-version":[{"id":668,"href":"https:\/\/apbillardclub.fr\/index.php\/wp-json\/wp\/v2\/pages\/158\/revisions\/668"}],"wp:attachment":[{"href":"https:\/\/apbillardclub.fr\/index.php\/wp-json\/wp\/v2\/media?parent=158"}],"curies":[{"name":"wp","href":"https:\/\/api.w.org\/{rel}","templated":true}]}}