{"id":234,"date":"2025-06-24T17:22:22","date_gmt":"2025-06-24T15:22:22","guid":{"rendered":"https:\/\/apbillardclub.fr\/?page_id=234"},"modified":"2026-01-25T10:49:57","modified_gmt":"2026-01-25T09:49:57","slug":"nous-contacter","status":"publish","type":"page","link":"https:\/\/apbillardclub.fr\/index.php\/nous-contacter\/","title":{"rendered":"Nous contacter"},"content":{"rendered":"\n<figure class=\"wp-block-table\"><table class=\"has-fixed-layout\"><tbody><tr><td>T\u00e9l\u00e9phone du club<\/td><td class=\"has-text-align-center\" data-align=\"center\">06 22 37 83 00<\/td><\/tr><tr><td>Email du club<\/td><td class=\"has-text-align-center\" data-align=\"center\">mavenirpicardiebillard@sfr.fr<\/td><\/tr><tr><td>Facebook du club<\/td><td class=\"has-text-align-center\" data-align=\"center\"><a href=\"https:\/\/www.facebook.com\/profile.php?id=100054000347820\">Amiens Picardie Billard<\/a><\/td><\/tr><\/tbody><\/table><\/figure>\n\n\n\n<div class=\"wp-block-buttons is-layout-flex wp-block-buttons-is-layout-flex\"><\/div>\n\n\n\n<p>Nous laisser un message ou demander un renseignement:<\/p>\n\n\n<div class=\"forminator-ui forminator-custom-form forminator-custom-form-236 forminator-design--default  forminator_ajax\" data-forminator-render=\"0\" data-form=\"forminator-module-236\" data-uid=\"69f28105bbe71\"><br\/><\/div><form\n\t\t\t\tid=\"forminator-module-236\"\n\t\t\t\tclass=\"forminator-ui forminator-custom-form forminator-custom-form-236 forminator-design--default  forminator_ajax\"\n\t\t\t\tmethod=\"post\"\n\t\t\t\tdata-forminator-render=\"0\"\n\t\t\t\tdata-form-id=\"236\"\n\t\t\t\t\n\t\t\t\tdata-design=\"default\"\n\t\t\t\t\n\t\t\t\t\n\t\t\t\t\n\t\t\t\tdata-grid=\"open\"\n\t\t\t\t\n\t\t\t\t\n\t\t\t\tstyle=\"display: none;\"\n\t\t\t\t\n\t\t\t\tdata-uid=\"69f28105bbe71\"\n\t\t\t><div role=\"alert\" aria-live=\"polite\" class=\"forminator-response-message forminator-error\" aria-hidden=\"true\"><\/div><div class=\"forminator-row\"><div id=\"name-1\" class=\"forminator-field-name forminator-col forminator-col-12 \"><div class=\"forminator-field\"><label for=\"forminator-field-name-1_69f28105bbe71\" id=\"forminator-field-name-1_69f28105bbe71-label\" class=\"forminator-label\">Pr\u00e9nom <span class=\"forminator-required\">*<\/span><\/label><input type=\"text\" name=\"name-1\" value=\"\" placeholder=\"\" id=\"forminator-field-name-1_69f28105bbe71\" class=\"forminator-input forminator-name--field\" aria-required=\"true\" \/><\/div><\/div><\/div><div class=\"forminator-row\"><div id=\"email-1\" class=\"forminator-field-email forminator-col forminator-col-12 \"><div class=\"forminator-field\"><label for=\"forminator-field-email-1_69f28105bbe71\" id=\"forminator-field-email-1_69f28105bbe71-label\" class=\"forminator-label\">Adresse de messagerie <span class=\"forminator-required\">*<\/span><\/label><input type=\"email\" name=\"email-1\" value=\"\" placeholder=\"\" id=\"forminator-field-email-1_69f28105bbe71\" class=\"forminator-input forminator-email--field\" data-required=\"true\" aria-required=\"true\" \/><\/div><\/div><\/div><div class=\"forminator-row\"><div id=\"phone-1\" class=\"forminator-field-phone forminator-col forminator-col-12 \"><div class=\"forminator-field\"><label for=\"forminator-field-phone-1_69f28105bbe71\" id=\"forminator-field-phone-1_69f28105bbe71-label\" class=\"forminator-label\">Num\u00e9ro de t\u00e9l\u00e9phone<\/label><input type=\"text\" name=\"phone-1\" value=\"\" placeholder=\"\" id=\"forminator-field-phone-1_69f28105bbe71\" class=\"forminator-input forminator-field--phone\" data-required=\"\" aria-required=\"false\" autocomplete=\"off\" \/><\/div><\/div><\/div><div class=\"forminator-row\"><div id=\"textarea-1\" class=\"forminator-field-textarea forminator-col forminator-col-12 \"><div class=\"forminator-field\"><label for=\"forminator-field-textarea-1_69f28105bbe71\" id=\"forminator-field-textarea-1_69f28105bbe71-label\" class=\"forminator-label\">Message<\/label><span id=\"forminator-field-textarea-1_69f28105bbe71-description\" class=\"forminator-description\"><span data-limit=\"2500\" data-type=\"characters\" data-editor=\"\">0 \/ 2500<\/span><\/span><textarea name=\"textarea-1\" placeholder=\"\" id=\"forminator-field-textarea-1_69f28105bbe71\" class=\"forminator-textarea\" rows=\"6\" style=\"min-height:140px;\" maxlength=\"2500\" ><\/textarea><\/div><\/div><\/div><input type=\"hidden\" name=\"referer_url\" value=\"\" \/><div class=\"forminator-row forminator-row-last\"><div class=\"forminator-col\"><div class=\"forminator-field\"><button class=\"forminator-button forminator-button-submit\">Envoyer<\/button><\/div><\/div><\/div><input type=\"hidden\" id=\"forminator_nonce\" name=\"forminator_nonce\" value=\"130d148353\" \/><input type=\"hidden\" name=\"_wp_http_referer\" value=\"\/index.php\/wp-json\/wp\/v2\/pages\/234\" \/><input type=\"hidden\" name=\"form_id\" value=\"236\"><input type=\"hidden\" name=\"page_id\" value=\"234\"><input type=\"hidden\" name=\"form_type\" value=\"default\"><input type=\"hidden\" name=\"current_url\" value=\"https:\/\/apbillardclub.fr\/index.php\/nous-contacter\/\"><input type=\"hidden\" name=\"render_id\" value=\"0\"><input type=\"hidden\" name=\"action\" value=\"forminator_submit_form_custom-forms\"><\/form>\n\n\n\n<p><\/p>\n","protected":false},"excerpt":{"rendered":"<p>T\u00e9l\u00e9phone du club 06 22 37 83 00 Email du club mavenirpicardiebillard@sfr.fr Facebook [&hellip;]<\/p>\n","protected":false},"author":3,"featured_media":0,"parent":0,"menu_order":0,"comment_status":"closed","ping_status":"closed","template":"","meta":{"footnotes":""},"class_list":["post-234","page","type-page","status-publish","hentry"],"yoast_head":"<!-- This site is optimized with the Yoast SEO plugin v25.9 - https:\/\/yoast.com\/wordpress\/plugins\/seo\/ -->\n<title>Nous contacter - Amiens Picardie Billard<\/title>\n<meta name=\"robots\" content=\"index, follow, max-snippet:-1, max-image-preview:large, max-video-preview:-1\" \/>\n<link rel=\"canonical\" href=\"https:\/\/apbillardclub.fr\/index.php\/nous-contacter\/\" \/>\n<meta property=\"og:locale\" content=\"fr_FR\" \/>\n<meta property=\"og:type\" content=\"article\" \/>\n<meta property=\"og:title\" content=\"Nous contacter - Amiens Picardie Billard\" \/>\n<meta property=\"og:description\" content=\"T\u00e9l\u00e9phone du club 06 22 37 83 00 Email du club mavenirpicardiebillard@sfr.fr Facebook [&hellip;]\" \/>\n<meta property=\"og:url\" content=\"https:\/\/apbillardclub.fr\/index.php\/nous-contacter\/\" \/>\n<meta property=\"og:site_name\" content=\"Amiens Picardie Billard\" \/>\n<meta property=\"article:publisher\" content=\"https:\/\/www.facebook.com\/profile.php?id=100054000347820\" \/>\n<meta property=\"article:modified_time\" content=\"2026-01-25T09:49:57+00:00\" \/>\n<meta property=\"og:image\" content=\"https:\/\/apbillardclub.fr\/wp-content\/uploads\/2025\/08\/cropped-fond-1-scaled-1.jpg\" \/>\n\t<meta property=\"og:image:width\" content=\"2560\" \/>\n\t<meta property=\"og:image:height\" content=\"1601\" \/>\n\t<meta property=\"og:image:type\" content=\"image\/jpeg\" \/>\n<meta name=\"twitter:card\" content=\"summary_large_image\" \/>\n<meta name=\"twitter:label1\" content=\"Dur\u00e9e de lecture estim\u00e9e\" \/>\n\t<meta name=\"twitter:data1\" content=\"1 minute\" \/>\n<script type=\"application\/ld+json\" class=\"yoast-schema-graph\">{\"@context\":\"https:\/\/schema.org\",\"@graph\":[{\"@type\":\"WebPage\",\"@id\":\"https:\/\/apbillardclub.fr\/index.php\/nous-contacter\/\",\"url\":\"https:\/\/apbillardclub.fr\/index.php\/nous-contacter\/\",\"name\":\"Nous contacter - Amiens Picardie Billard\",\"isPartOf\":{\"@id\":\"https:\/\/apbillardclub.fr\/#website\"},\"datePublished\":\"2025-06-24T15:22:22+00:00\",\"dateModified\":\"2026-01-25T09:49:57+00:00\",\"breadcrumb\":{\"@id\":\"https:\/\/apbillardclub.fr\/index.php\/nous-contacter\/#breadcrumb\"},\"inLanguage\":\"fr-FR\",\"potentialAction\":[{\"@type\":\"ReadAction\",\"target\":[\"https:\/\/apbillardclub.fr\/index.php\/nous-contacter\/\"]}]},{\"@type\":\"BreadcrumbList\",\"@id\":\"https:\/\/apbillardclub.fr\/index.php\/nous-contacter\/#breadcrumb\",\"itemListElement\":[{\"@type\":\"ListItem\",\"position\":1,\"name\":\"Accueil\",\"item\":\"https:\/\/apbillardclub.fr\/\"},{\"@type\":\"ListItem\",\"position\":2,\"name\":\"Nous contacter\"}]},{\"@type\":\"WebSite\",\"@id\":\"https:\/\/apbillardclub.fr\/#website\",\"url\":\"https:\/\/apbillardclub.fr\/\",\"name\":\"Amiens Picardie Billard\",\"description\":\"APB\",\"publisher\":{\"@id\":\"https:\/\/apbillardclub.fr\/#organization\"},\"alternateName\":\"Club FFB de billard d'Amiens\",\"potentialAction\":[{\"@type\":\"SearchAction\",\"target\":{\"@type\":\"EntryPoint\",\"urlTemplate\":\"https:\/\/apbillardclub.fr\/?s={search_term_string}\"},\"query-input\":{\"@type\":\"PropertyValueSpecification\",\"valueRequired\":true,\"valueName\":\"search_term_string\"}}],\"inLanguage\":\"fr-FR\"},{\"@type\":\"Organization\",\"@id\":\"https:\/\/apbillardclub.fr\/#organization\",\"name\":\"Amiens Picardie Billard\",\"url\":\"https:\/\/apbillardclub.fr\/\",\"logo\":{\"@type\":\"ImageObject\",\"inLanguage\":\"fr-FR\",\"@id\":\"https:\/\/apbillardclub.fr\/#\/schema\/logo\/image\/\",\"url\":\"https:\/\/apbillardclub.fr\/wp-content\/uploads\/2025\/05\/cropped-profil-2.jpg\",\"contentUrl\":\"https:\/\/apbillardclub.fr\/wp-content\/uploads\/2025\/05\/cropped-profil-2.jpg\",\"width\":718,\"height\":718,\"caption\":\"Amiens Picardie Billard\"},\"image\":{\"@id\":\"https:\/\/apbillardclub.fr\/#\/schema\/logo\/image\/\"},\"sameAs\":[\"https:\/\/www.facebook.com\/profile.php?id=100054000347820\"]}]}<\/script>\n<!-- \/ Yoast SEO plugin. -->","yoast_head_json":{"title":"Nous contacter - Amiens Picardie Billard","robots":{"index":"index","follow":"follow","max-snippet":"max-snippet:-1","max-image-preview":"max-image-preview:large","max-video-preview":"max-video-preview:-1"},"canonical":"https:\/\/apbillardclub.fr\/index.php\/nous-contacter\/","og_locale":"fr_FR","og_type":"article","og_title":"Nous contacter - Amiens Picardie Billard","og_description":"T\u00e9l\u00e9phone du club 06 22 37 83 00 Email du club mavenirpicardiebillard@sfr.fr Facebook [&hellip;]","og_url":"https:\/\/apbillardclub.fr\/index.php\/nous-contacter\/","og_site_name":"Amiens Picardie Billard","article_publisher":"https:\/\/www.facebook.com\/profile.php?id=100054000347820","article_modified_time":"2026-01-25T09:49:57+00:00","og_image":[{"width":2560,"height":1601,"url":"https:\/\/apbillardclub.fr\/wp-content\/uploads\/2025\/08\/cropped-fond-1-scaled-1.jpg","type":"image\/jpeg"}],"twitter_card":"summary_large_image","twitter_misc":{"Dur\u00e9e de lecture estim\u00e9e":"1 minute"},"schema":{"@context":"https:\/\/schema.org","@graph":[{"@type":"WebPage","@id":"https:\/\/apbillardclub.fr\/index.php\/nous-contacter\/","url":"https:\/\/apbillardclub.fr\/index.php\/nous-contacter\/","name":"Nous contacter - Amiens Picardie Billard","isPartOf":{"@id":"https:\/\/apbillardclub.fr\/#website"},"datePublished":"2025-06-24T15:22:22+00:00","dateModified":"2026-01-25T09:49:57+00:00","breadcrumb":{"@id":"https:\/\/apbillardclub.fr\/index.php\/nous-contacter\/#breadcrumb"},"inLanguage":"fr-FR","potentialAction":[{"@type":"ReadAction","target":["https:\/\/apbillardclub.fr\/index.php\/nous-contacter\/"]}]},{"@type":"BreadcrumbList","@id":"https:\/\/apbillardclub.fr\/index.php\/nous-contacter\/#breadcrumb","itemListElement":[{"@type":"ListItem","position":1,"name":"Accueil","item":"https:\/\/apbillardclub.fr\/"},{"@type":"ListItem","position":2,"name":"Nous contacter"}]},{"@type":"WebSite","@id":"https:\/\/apbillardclub.fr\/#website","url":"https:\/\/apbillardclub.fr\/","name":"Amiens Picardie Billard","description":"APB","publisher":{"@id":"https:\/\/apbillardclub.fr\/#organization"},"alternateName":"Club FFB de billard d'Amiens","potentialAction":[{"@type":"SearchAction","target":{"@type":"EntryPoint","urlTemplate":"https:\/\/apbillardclub.fr\/?s={search_term_string}"},"query-input":{"@type":"PropertyValueSpecification","valueRequired":true,"valueName":"search_term_string"}}],"inLanguage":"fr-FR"},{"@type":"Organization","@id":"https:\/\/apbillardclub.fr\/#organization","name":"Amiens Picardie Billard","url":"https:\/\/apbillardclub.fr\/","logo":{"@type":"ImageObject","inLanguage":"fr-FR","@id":"https:\/\/apbillardclub.fr\/#\/schema\/logo\/image\/","url":"https:\/\/apbillardclub.fr\/wp-content\/uploads\/2025\/05\/cropped-profil-2.jpg","contentUrl":"https:\/\/apbillardclub.fr\/wp-content\/uploads\/2025\/05\/cropped-profil-2.jpg","width":718,"height":718,"caption":"Amiens Picardie Billard"},"image":{"@id":"https:\/\/apbillardclub.fr\/#\/schema\/logo\/image\/"},"sameAs":["https:\/\/www.facebook.com\/profile.php?id=100054000347820"]}]}},"_links":{"self":[{"href":"https:\/\/apbillardclub.fr\/index.php\/wp-json\/wp\/v2\/pages\/234","targetHints":{"allow":["GET"]}}],"collection":[{"href":"https:\/\/apbillardclub.fr\/index.php\/wp-json\/wp\/v2\/pages"}],"about":[{"href":"https:\/\/apbillardclub.fr\/index.php\/wp-json\/wp\/v2\/types\/page"}],"author":[{"embeddable":true,"href":"https:\/\/apbillardclub.fr\/index.php\/wp-json\/wp\/v2\/users\/3"}],"replies":[{"embeddable":true,"href":"https:\/\/apbillardclub.fr\/index.php\/wp-json\/wp\/v2\/comments?post=234"}],"version-history":[{"count":4,"href":"https:\/\/apbillardclub.fr\/index.php\/wp-json\/wp\/v2\/pages\/234\/revisions"}],"predecessor-version":[{"id":1108,"href":"https:\/\/apbillardclub.fr\/index.php\/wp-json\/wp\/v2\/pages\/234\/revisions\/1108"}],"wp:attachment":[{"href":"https:\/\/apbillardclub.fr\/index.php\/wp-json\/wp\/v2\/media?parent=234"}],"curies":[{"name":"wp","href":"https:\/\/api.w.org\/{rel}","templated":true}]}}