{"id":303,"date":"2025-06-26T15:07:49","date_gmt":"2025-06-26T13:07:49","guid":{"rendered":"https:\/\/apbillardclub.fr\/?page_id=303"},"modified":"2025-08-18T12:26:01","modified_gmt":"2025-08-18T10:26:01","slug":"ecole-de-billard","status":"publish","type":"page","link":"https:\/\/apbillardclub.fr\/index.php\/ecole-de-billard\/","title":{"rendered":"Ecole de billard"},"content":{"rendered":"<div data-colibri-id=\"303-c1\" class=\"style-421 style-local-303-c1 position-relative\">\n  <!---->\n  <div data-colibri-component=\"section\" data-colibri-id=\"303-c2\" id=\"initial-content\" class=\"h-section h-section-global-spacing d-flex align-items-lg-center align-items-md-center align-items-center style-422 style-local-303-c2 position-relative\">\n    <!---->\n    <!---->\n    <div class=\"h-section-grid-container h-section-boxed-container\">\n      <!---->\n      <div data-colibri-id=\"303-c7\" class=\"h-row-container gutters-row-lg-2 gutters-row-md-2 gutters-row-0 gutters-row-v-lg-2 gutters-row-v-md-2 gutters-row-v-2 style-504 style-local-303-c7 position-relative\">\n        <!---->\n        <div class=\"h-row justify-content-lg-center justify-content-md-center justify-content-center align-items-lg-stretch align-items-md-stretch align-items-stretch gutters-col-lg-2 gutters-col-md-2 gutters-col-0 gutters-col-v-lg-2 gutters-col-v-md-2 gutters-col-v-2\">\n          <!---->\n          <div class=\"h-column h-column-container d-flex h-col-lg-auto h-col-md-auto h-col-auto style-505-outer style-local-303-c8-outer\">\n            <div data-colibri-id=\"303-c8\" class=\"d-flex h-flex-basis h-column__inner h-px-lg-2 h-px-md-2 h-px-2 v-inner-lg-2 v-inner-md-2 v-inner-2 style-505 style-local-303-c8 position-relative\">\n              <!---->\n              <!---->\n              <div class=\"w-100 h-y-container h-column__content h-column__v-align flex-basis-100 align-self-lg-start align-self-md-start align-self-start\">\n                <!---->\n                <div data-colibri-id=\"303-c9\" class=\"d-block style-503 style-local-303-c9 position-relative h-element\">\n                  <!---->\n                  <div class=\"h-image__frame-container-outer\">\n                    <div class=\"h-image__frame-container\">\n                      <!---->\n                      <!---->\n                      <img loading=\"lazy\" decoding=\"async\" width=\"2418\" height=\"1371\" src=\"https:\/\/apbillardclub.fr\/wp-content\/uploads\/2025\/08\/cropped-processed-5EE6DDD1-6A8F-4803-BAA6-4D64874700AD.jpeg\" class=\"wp-image-982 style-503-image style-local-303-c9-image\" alt=\"\" srcset=\"https:\/\/apbillardclub.fr\/wp-content\/uploads\/2025\/08\/cropped-processed-5EE6DDD1-6A8F-4803-BAA6-4D64874700AD.jpeg 2418w, https:\/\/apbillardclub.fr\/wp-content\/uploads\/2025\/08\/cropped-processed-5EE6DDD1-6A8F-4803-BAA6-4D64874700AD-300x170.jpeg 300w, https:\/\/apbillardclub.fr\/wp-content\/uploads\/2025\/08\/cropped-processed-5EE6DDD1-6A8F-4803-BAA6-4D64874700AD-1024x581.jpeg 1024w, https:\/\/apbillardclub.fr\/wp-content\/uploads\/2025\/08\/cropped-processed-5EE6DDD1-6A8F-4803-BAA6-4D64874700AD-768x435.jpeg 768w, https:\/\/apbillardclub.fr\/wp-content\/uploads\/2025\/08\/cropped-processed-5EE6DDD1-6A8F-4803-BAA6-4D64874700AD-1536x871.jpeg 1536w, https:\/\/apbillardclub.fr\/wp-content\/uploads\/2025\/08\/cropped-processed-5EE6DDD1-6A8F-4803-BAA6-4D64874700AD-2048x1161.jpeg 2048w, https:\/\/apbillardclub.fr\/wp-content\/uploads\/2025\/08\/cropped-processed-5EE6DDD1-6A8F-4803-BAA6-4D64874700AD-600x340.jpeg 600w\" sizes=\"auto, (max-width: 2418px) 100vw, 2418px\" \/>\n                      <div class=\"h-image__frame h-hide-lg h-hide-md h-hide-sm style-503-frameImage style-local-303-c9-frameImage\"><\/div>\n                    <\/div>\n                  <\/div>\n                <\/div>\n              <\/div>\n            <\/div>\n          <\/div>\n        <\/div>\n      <\/div>\n      <div data-colibri-id=\"303-c3\" class=\"h-row-container gutters-row-lg-2 gutters-row-md-2 gutters-row-0 gutters-row-v-lg-2 gutters-row-v-md-2 gutters-row-v-2 style-423 style-local-303-c3 position-relative\">\n        <!---->\n        <div class=\"h-row justify-content-lg-center justify-content-md-center justify-content-center align-items-lg-stretch align-items-md-stretch align-items-stretch gutters-col-lg-2 gutters-col-md-2 gutters-col-0 gutters-col-v-lg-2 gutters-col-v-md-2 gutters-col-v-2\">\n          <!---->\n          <div class=\"h-column h-column-container d-flex h-col-lg-auto h-col-md-auto h-col-auto style-475-outer style-local-303-c4-outer\">\n            <div data-colibri-id=\"303-c4\" class=\"d-flex h-flex-basis h-column__inner h-px-lg-2 h-px-md-2 h-px-2 v-inner-lg-2 v-inner-md-2 v-inner-2 style-475 style-local-303-c4 position-relative\">\n              <!---->\n              <!---->\n              <div class=\"w-100 h-y-container h-column__content h-column__v-align flex-basis-100 align-self-lg-start align-self-md-start align-self-start\">\n                <!---->\n                <div data-colibri-id=\"303-c5\" class=\"h-text h-text-component style-476 style-local-303-c5 position-relative h-element\">\n                  <!---->\n                  <!---->\n                  <div class=\"\">\n                    <h2>\ud83c\udfb1 Bienvenue \u00e0 la Nouvelle \u00c9cole de Billard<\/h2>\n                    <p><strong>Ouverte \u00e0 tous d\u00e8s 7 ans \u2013 affili\u00e9e \u00e0 la F\u00e9d\u00e9ration Fran\u00e7aise de Billard<\/strong><\/p>\n                    <p>L\u2019<strong>Amiens Picardie Billard<\/strong> lance sa <strong>toute nouvelle \u00e9cole de billard, une premi\u00e8re \u00e0 Amiens<\/strong>&nbsp;!\n                      <br> Que vous soyez <strong>enfant<\/strong> ou <strong>adulte<\/strong>, d\u00e9butant ou d\u00e9j\u00e0 passionn\u00e9, venez d\u00e9couvrir et progresser dans un sport de pr\u00e9cision, de strat\u00e9gie et de convivialit\u00e9.<\/p>\n                    <h3>\ud83d\udcc5 Nos cr\u00e9neaux d\u2019entra\u00eenement<\/h3>\n                    <p><strong>Mardi<\/strong><\/p>\n                    <ul>\n                      <li>17h00 \u2192 18h00<\/li>\n                      <li>18h00 \u2192 19h00<\/li>\n                    <\/ul>\n                    <p><strong>Mercredi<\/strong><\/p>\n                    <ul>\n                      <li>14h00 \u2192 15h00<\/li>\n                      <li>15h00 \u2192 16h00<\/li>\n                    <\/ul>\n                    <p><strong>Samedi<\/strong><\/p>\n                    <ul>\n                      <li>14h00 \u2192 15h00<\/li>\n                      <li>15h00 \u2192 16h00<\/li>\n                    <\/ul>\n                    <p>\ud83d\udca1 <em>Les s\u00e9ances sont organis\u00e9es en petits groupes pour un suivi personnalis\u00e9.<\/em><\/p>\n                    <h3>\ud83d\udc68\u200d\ud83c\udfeb Un apprentissage encadr\u00e9<\/h3>\n                    <ul>\n                      <li>Animateurs <strong>f\u00e9d\u00e9raux certifi\u00e9s<\/strong> par la F\u00e9d\u00e9ration Fran\u00e7aise de Billard<\/li>\n                      <li>M\u00e9thodes p\u00e9dagogiques ludiques et progressives<\/li>\n                      <li>Alternance entre <strong>exercices techniques<\/strong>, <strong>jeux<\/strong> et <strong>situations de match<\/strong><\/li>\n                    <\/ul>\n                    <h3>\ud83d\udcbb Un outil p\u00e9dagogique moderne : <em>Bille en T\u00eate<\/em><\/h3>\n                    <p>L\u2019\u00e9cole est \u00e9quip\u00e9e de l\u2019outil <strong>Bille en T\u00eate<\/strong>, un syst\u00e8me num\u00e9rique innovant d\u00e9velopp\u00e9 par la F\u00e9d\u00e9ration Fran\u00e7aise de Billard.\n                      <br> Cet outil interactif permet :<\/p>\n                    <ul>\n                      <li>D\u2019accompagner l\u2019apprentissage \u00e9tape par \u00e9tape<\/li>\n                      <li>De suivre les progr\u00e8s de chaque joueur<\/li>\n                      <li>D\u2019offrir des exercices vari\u00e9s et adapt\u00e9s au niveau de chacun<\/li>\n                      <li>\n                        <br>\n                      <\/li>\n                    <\/ul>\n                    <h3>\ud83c\udfc5 Un dipl\u00f4me officiel \u00e0 la cl\u00e9<\/h3>\n                    <p>En fin de parcours, chaque \u00e9l\u00e8ve se verra remettre le <strong>Billard de Bronze<\/strong>&nbsp;suite \u00e0 son examen, un dipl\u00f4me officiel reconnu par la F\u00e9d\u00e9ration Fran\u00e7aise de Billard, attestant de ses acquis et de sa progression.<\/p>\n                    <h3>\ud83d\udccd O\u00f9 nous trouver ?<\/h3>\n                    <p>\ud83d\udccc <strong>Salle de billard \u2013 56 rue Riolan \u2013 80000 Amiens<\/strong>\n                      <br> \ud83d\udccd Derri\u00e8re la gare SNCF \u2013 acc\u00e8s facile en transport en commun ou en voiture.<\/p>\n                    <h3>\ud83c\udfaf Pourquoi rejoindre l\u2019\u00e9cole ?<\/h3>\n                    <p>\u2705 Une activit\u00e9 sportive et ludique\n                      <br> \u2705 Accessible d\u00e8s 7 ans\n                      <br> \u2705 Encadrement professionnel et bienveillant\n                      <br> \u2705 Dipl\u00f4me officiel de la FFB\n                      <br> \u2705 Ambiance conviviale et motivante<\/p>\n                    <p>\ud83d\udce2 <strong>Les inscriptions sont ouvertes !<\/strong>\n                      <br> \ud83d\udcde Contactez-nous d\u00e8s maintenant pour r\u00e9server votre place et commencer l\u2019aventure.<\/p>\n                  <\/div>\n                <\/div>\n              <\/div>\n            <\/div>\n          <\/div>\n        <\/div>\n      <\/div>\n    <\/div>\n  <\/div>\n<\/div>","protected":false},"excerpt":{"rendered":"<p>\ud83c\udfb1 Bienvenue \u00e0 la Nouvelle \u00c9cole de Billard Ouverte \u00e0 tous d\u00e8s 7 [&hellip;]<\/p>\n","protected":false},"author":3,"featured_media":0,"parent":0,"menu_order":0,"comment_status":"closed","ping_status":"closed","template":"page-templates\/full-width-page.php","meta":{"footnotes":""},"class_list":["post-303","page","type-page","status-publish","hentry"],"yoast_head":"<!-- This site is optimized with the Yoast SEO plugin v25.9 - https:\/\/yoast.com\/wordpress\/plugins\/seo\/ -->\n<title>Ecole de billard - Amiens Picardie Billard<\/title>\n<meta name=\"robots\" content=\"index, follow, max-snippet:-1, max-image-preview:large, max-video-preview:-1\" \/>\n<link rel=\"canonical\" href=\"https:\/\/apbillardclub.fr\/index.php\/ecole-de-billard\/\" \/>\n<meta property=\"og:locale\" content=\"fr_FR\" \/>\n<meta property=\"og:type\" content=\"article\" \/>\n<meta property=\"og:title\" content=\"Ecole de billard - Amiens Picardie Billard\" \/>\n<meta property=\"og:description\" content=\"\ud83c\udfb1 Bienvenue \u00e0 la Nouvelle \u00c9cole de Billard Ouverte \u00e0 tous d\u00e8s 7 [&hellip;]\" \/>\n<meta property=\"og:url\" content=\"https:\/\/apbillardclub.fr\/index.php\/ecole-de-billard\/\" \/>\n<meta property=\"og:site_name\" content=\"Amiens Picardie Billard\" \/>\n<meta property=\"article:publisher\" content=\"https:\/\/www.facebook.com\/profile.php?id=100054000347820\" \/>\n<meta property=\"article:modified_time\" content=\"2025-08-18T10:26:01+00:00\" \/>\n<meta property=\"og:image\" content=\"https:\/\/apbillardclub.fr\/wp-content\/uploads\/2025\/08\/cropped-processed-5EE6DDD1-6A8F-4803-BAA6-4D64874700AD.jpeg\" \/>\n\t<meta property=\"og:image:width\" content=\"2418\" \/>\n\t<meta property=\"og:image:height\" content=\"1371\" \/>\n\t<meta property=\"og:image:type\" content=\"image\/jpeg\" \/>\n<meta name=\"twitter:card\" content=\"summary_large_image\" \/>\n<meta name=\"twitter:label1\" content=\"Dur\u00e9e de lecture estim\u00e9e\" \/>\n\t<meta name=\"twitter:data1\" content=\"2 minutes\" \/>\n<script type=\"application\/ld+json\" class=\"yoast-schema-graph\">{\"@context\":\"https:\/\/schema.org\",\"@graph\":[{\"@type\":\"WebPage\",\"@id\":\"https:\/\/apbillardclub.fr\/index.php\/ecole-de-billard\/\",\"url\":\"https:\/\/apbillardclub.fr\/index.php\/ecole-de-billard\/\",\"name\":\"Ecole de billard - Amiens Picardie Billard\",\"isPartOf\":{\"@id\":\"https:\/\/apbillardclub.fr\/#website\"},\"primaryImageOfPage\":{\"@id\":\"https:\/\/apbillardclub.fr\/index.php\/ecole-de-billard\/#primaryimage\"},\"image\":{\"@id\":\"https:\/\/apbillardclub.fr\/index.php\/ecole-de-billard\/#primaryimage\"},\"thumbnailUrl\":\"https:\/\/apbillardclub.fr\/wp-content\/uploads\/2025\/08\/cropped-processed-5EE6DDD1-6A8F-4803-BAA6-4D64874700AD.jpeg\",\"datePublished\":\"2025-06-26T13:07:49+00:00\",\"dateModified\":\"2025-08-18T10:26:01+00:00\",\"breadcrumb\":{\"@id\":\"https:\/\/apbillardclub.fr\/index.php\/ecole-de-billard\/#breadcrumb\"},\"inLanguage\":\"fr-FR\",\"potentialAction\":[{\"@type\":\"ReadAction\",\"target\":[\"https:\/\/apbillardclub.fr\/index.php\/ecole-de-billard\/\"]}]},{\"@type\":\"ImageObject\",\"inLanguage\":\"fr-FR\",\"@id\":\"https:\/\/apbillardclub.fr\/index.php\/ecole-de-billard\/#primaryimage\",\"url\":\"https:\/\/apbillardclub.fr\/wp-content\/uploads\/2025\/08\/cropped-processed-5EE6DDD1-6A8F-4803-BAA6-4D64874700AD.jpeg\",\"contentUrl\":\"https:\/\/apbillardclub.fr\/wp-content\/uploads\/2025\/08\/cropped-processed-5EE6DDD1-6A8F-4803-BAA6-4D64874700AD.jpeg\",\"width\":2418,\"height\":1371},{\"@type\":\"BreadcrumbList\",\"@id\":\"https:\/\/apbillardclub.fr\/index.php\/ecole-de-billard\/#breadcrumb\",\"itemListElement\":[{\"@type\":\"ListItem\",\"position\":1,\"name\":\"Accueil\",\"item\":\"https:\/\/apbillardclub.fr\/\"},{\"@type\":\"ListItem\",\"position\":2,\"name\":\"Ecole de billard\"}]},{\"@type\":\"WebSite\",\"@id\":\"https:\/\/apbillardclub.fr\/#website\",\"url\":\"https:\/\/apbillardclub.fr\/\",\"name\":\"Amiens Picardie Billard\",\"description\":\"APB\",\"publisher\":{\"@id\":\"https:\/\/apbillardclub.fr\/#organization\"},\"alternateName\":\"Club FFB de billard d'Amiens\",\"potentialAction\":[{\"@type\":\"SearchAction\",\"target\":{\"@type\":\"EntryPoint\",\"urlTemplate\":\"https:\/\/apbillardclub.fr\/?s={search_term_string}\"},\"query-input\":{\"@type\":\"PropertyValueSpecification\",\"valueRequired\":true,\"valueName\":\"search_term_string\"}}],\"inLanguage\":\"fr-FR\"},{\"@type\":\"Organization\",\"@id\":\"https:\/\/apbillardclub.fr\/#organization\",\"name\":\"Amiens Picardie Billard\",\"url\":\"https:\/\/apbillardclub.fr\/\",\"logo\":{\"@type\":\"ImageObject\",\"inLanguage\":\"fr-FR\",\"@id\":\"https:\/\/apbillardclub.fr\/#\/schema\/logo\/image\/\",\"url\":\"https:\/\/apbillardclub.fr\/wp-content\/uploads\/2025\/05\/cropped-profil-2.jpg\",\"contentUrl\":\"https:\/\/apbillardclub.fr\/wp-content\/uploads\/2025\/05\/cropped-profil-2.jpg\",\"width\":718,\"height\":718,\"caption\":\"Amiens Picardie Billard\"},\"image\":{\"@id\":\"https:\/\/apbillardclub.fr\/#\/schema\/logo\/image\/\"},\"sameAs\":[\"https:\/\/www.facebook.com\/profile.php?id=100054000347820\"]}]}<\/script>\n<!-- \/ Yoast SEO plugin. -->","yoast_head_json":{"title":"Ecole de billard - Amiens Picardie Billard","robots":{"index":"index","follow":"follow","max-snippet":"max-snippet:-1","max-image-preview":"max-image-preview:large","max-video-preview":"max-video-preview:-1"},"canonical":"https:\/\/apbillardclub.fr\/index.php\/ecole-de-billard\/","og_locale":"fr_FR","og_type":"article","og_title":"Ecole de billard - Amiens Picardie Billard","og_description":"\ud83c\udfb1 Bienvenue \u00e0 la Nouvelle \u00c9cole de Billard Ouverte \u00e0 tous d\u00e8s 7 [&hellip;]","og_url":"https:\/\/apbillardclub.fr\/index.php\/ecole-de-billard\/","og_site_name":"Amiens Picardie Billard","article_publisher":"https:\/\/www.facebook.com\/profile.php?id=100054000347820","article_modified_time":"2025-08-18T10:26:01+00:00","og_image":[{"width":2418,"height":1371,"url":"https:\/\/apbillardclub.fr\/wp-content\/uploads\/2025\/08\/cropped-processed-5EE6DDD1-6A8F-4803-BAA6-4D64874700AD.jpeg","type":"image\/jpeg"}],"twitter_card":"summary_large_image","twitter_misc":{"Dur\u00e9e de lecture estim\u00e9e":"2 minutes"},"schema":{"@context":"https:\/\/schema.org","@graph":[{"@type":"WebPage","@id":"https:\/\/apbillardclub.fr\/index.php\/ecole-de-billard\/","url":"https:\/\/apbillardclub.fr\/index.php\/ecole-de-billard\/","name":"Ecole de billard - Amiens Picardie Billard","isPartOf":{"@id":"https:\/\/apbillardclub.fr\/#website"},"primaryImageOfPage":{"@id":"https:\/\/apbillardclub.fr\/index.php\/ecole-de-billard\/#primaryimage"},"image":{"@id":"https:\/\/apbillardclub.fr\/index.php\/ecole-de-billard\/#primaryimage"},"thumbnailUrl":"https:\/\/apbillardclub.fr\/wp-content\/uploads\/2025\/08\/cropped-processed-5EE6DDD1-6A8F-4803-BAA6-4D64874700AD.jpeg","datePublished":"2025-06-26T13:07:49+00:00","dateModified":"2025-08-18T10:26:01+00:00","breadcrumb":{"@id":"https:\/\/apbillardclub.fr\/index.php\/ecole-de-billard\/#breadcrumb"},"inLanguage":"fr-FR","potentialAction":[{"@type":"ReadAction","target":["https:\/\/apbillardclub.fr\/index.php\/ecole-de-billard\/"]}]},{"@type":"ImageObject","inLanguage":"fr-FR","@id":"https:\/\/apbillardclub.fr\/index.php\/ecole-de-billard\/#primaryimage","url":"https:\/\/apbillardclub.fr\/wp-content\/uploads\/2025\/08\/cropped-processed-5EE6DDD1-6A8F-4803-BAA6-4D64874700AD.jpeg","contentUrl":"https:\/\/apbillardclub.fr\/wp-content\/uploads\/2025\/08\/cropped-processed-5EE6DDD1-6A8F-4803-BAA6-4D64874700AD.jpeg","width":2418,"height":1371},{"@type":"BreadcrumbList","@id":"https:\/\/apbillardclub.fr\/index.php\/ecole-de-billard\/#breadcrumb","itemListElement":[{"@type":"ListItem","position":1,"name":"Accueil","item":"https:\/\/apbillardclub.fr\/"},{"@type":"ListItem","position":2,"name":"Ecole de billard"}]},{"@type":"WebSite","@id":"https:\/\/apbillardclub.fr\/#website","url":"https:\/\/apbillardclub.fr\/","name":"Amiens Picardie Billard","description":"APB","publisher":{"@id":"https:\/\/apbillardclub.fr\/#organization"},"alternateName":"Club FFB de billard d'Amiens","potentialAction":[{"@type":"SearchAction","target":{"@type":"EntryPoint","urlTemplate":"https:\/\/apbillardclub.fr\/?s={search_term_string}"},"query-input":{"@type":"PropertyValueSpecification","valueRequired":true,"valueName":"search_term_string"}}],"inLanguage":"fr-FR"},{"@type":"Organization","@id":"https:\/\/apbillardclub.fr\/#organization","name":"Amiens Picardie Billard","url":"https:\/\/apbillardclub.fr\/","logo":{"@type":"ImageObject","inLanguage":"fr-FR","@id":"https:\/\/apbillardclub.fr\/#\/schema\/logo\/image\/","url":"https:\/\/apbillardclub.fr\/wp-content\/uploads\/2025\/05\/cropped-profil-2.jpg","contentUrl":"https:\/\/apbillardclub.fr\/wp-content\/uploads\/2025\/05\/cropped-profil-2.jpg","width":718,"height":718,"caption":"Amiens Picardie Billard"},"image":{"@id":"https:\/\/apbillardclub.fr\/#\/schema\/logo\/image\/"},"sameAs":["https:\/\/www.facebook.com\/profile.php?id=100054000347820"]}]}},"_links":{"self":[{"href":"https:\/\/apbillardclub.fr\/index.php\/wp-json\/wp\/v2\/pages\/303","targetHints":{"allow":["GET"]}}],"collection":[{"href":"https:\/\/apbillardclub.fr\/index.php\/wp-json\/wp\/v2\/pages"}],"about":[{"href":"https:\/\/apbillardclub.fr\/index.php\/wp-json\/wp\/v2\/types\/page"}],"author":[{"embeddable":true,"href":"https:\/\/apbillardclub.fr\/index.php\/wp-json\/wp\/v2\/users\/3"}],"replies":[{"embeddable":true,"href":"https:\/\/apbillardclub.fr\/index.php\/wp-json\/wp\/v2\/comments?post=303"}],"version-history":[{"count":7,"href":"https:\/\/apbillardclub.fr\/index.php\/wp-json\/wp\/v2\/pages\/303\/revisions"}],"predecessor-version":[{"id":991,"href":"https:\/\/apbillardclub.fr\/index.php\/wp-json\/wp\/v2\/pages\/303\/revisions\/991"}],"wp:attachment":[{"href":"https:\/\/apbillardclub.fr\/index.php\/wp-json\/wp\/v2\/media?parent=303"}],"curies":[{"name":"wp","href":"https:\/\/api.w.org\/{rel}","templated":true}]}}