{"id":6,"date":"2025-05-26T20:06:58","date_gmt":"2025-05-26T18:06:58","guid":{"rendered":"http:\/\/apbillardclub.fr\/index.php\/peregrine\/"},"modified":"2025-09-14T10:06:46","modified_gmt":"2025-09-14T08:06:46","slug":"billard-amiens","status":"publish","type":"page","link":"https:\/\/apbillardclub.fr\/","title":{"rendered":"Accueil"},"content":{"rendered":"<div data-colibri-id=\"6-c1\" class=\"style-186 style-local-6-c1 position-relative\">\n  <!---->\n  <div data-colibri-component=\"section\" data-colibri-id=\"6-c2\" id=\"custom\" class=\"h-section h-section-global-spacing d-flex align-items-lg-center align-items-md-center align-items-center style-461 style-local-6-c2 position-relative\">\n    <!---->\n    <!---->\n    <div class=\"h-section-grid-container h-section-boxed-container\">\n      <!---->\n      <div data-colibri-id=\"6-c3\" class=\"h-row-container gutters-row-lg-2 gutters-row-md-2 gutters-row-0 gutters-row-v-lg-2 gutters-row-v-md-2 gutters-row-v-2 style-462 style-local-6-c3 position-relative\">\n        <!---->\n        <div class=\"h-row justify-content-lg-center justify-content-md-center justify-content-center align-items-lg-stretch align-items-md-stretch align-items-stretch gutters-col-lg-2 gutters-col-md-2 gutters-col-0 gutters-col-v-lg-2 gutters-col-v-md-2 gutters-col-v-2\">\n          <!---->\n          <div class=\"h-column h-column-container d-flex h-col-lg-auto h-col-md-auto h-col-auto style-463-outer style-local-6-c4-outer\">\n            <div data-colibri-id=\"6-c4\" class=\"d-flex h-flex-basis h-column__inner h-px-lg-2 h-px-md-2 h-px-2 v-inner-lg-2 v-inner-md-2 v-inner-2 style-463 style-local-6-c4 position-relative\">\n              <!---->\n              <!---->\n              <div class=\"w-100 h-y-container h-column__content h-column__v-align flex-basis-100 align-self-lg-start align-self-md-start align-self-start\">\n                <!---->\n                <div data-colibri-component=\"dropdown-menu\" role=\"navigation\" h-use-smooth-scroll-all=\"true\" data-colibri-id=\"6-c5\" class=\"h-menu h-global-transition-all h-ignore-global-body-typography has-offcanvas-none h-menu-horizontal h-dropdown-menu style-465 style-local-6-c5 position-relative h-element\">\n                  <!---->\n                  <div class=\"h-global-transition-all h-main-menu\"><div class=\"colibri-menu-container\"><ul id=\"menu-footer\" class=\"colibri-menu bordered-active-item bordered-active-item--bottom effect-borders-grow grow-from-left\"><li id=\"menu-item-869\" class=\"menu-item menu-item-type-post_type menu-item-object-page menu-item-869\"><a href=\"https:\/\/apbillardclub.fr\/index.php\/galerie-photo\/\">Galerie photo<\/a><\/li>\n<li id=\"menu-item-444\" class=\"menu-item menu-item-type-post_type menu-item-object-page menu-item-444\"><a href=\"https:\/\/apbillardclub.fr\/index.php\/nous-contacter\/\">Nous contacter<\/a><\/li>\n<li id=\"menu-item-443\" class=\"menu-item menu-item-type-post_type menu-item-object-page menu-item-443\"><a href=\"https:\/\/apbillardclub.fr\/index.php\/sponsors-partenaires\/\">Sponsors &amp; Partenaires<\/a><\/li>\n<\/ul><\/div><\/div>\n                  <div data-colibri-id=\"6-c6\" class=\"h-mobile-menu h-global-transition-disable style-466 style-local-6-c6 position-relative h-element\">\n                    <!---->\n                    <a data-click-outside=\"true\" data-target=\"#offcanvas-wrapper-6-c6\" data-target-id=\"offcanvas-wrapper-6-c6\" data-offcanvas-overlay-id=\"offcanvas-overlay-6-c6\" href=\"#\" data-colibri-component=\"offcanvas\" data-direction=\"right\" data-push=\"false\"\n                      title=\"Menu\" class=\"h-hamburger-button\">\n                      <div class=\"icon-container h-hamburger-icon\">\n                        <div class=\"h-icon-svg\" style=\"width: 100%; height: 100%;\">\n                          <!--Icon by Font Awesome (https:\/\/fontawesome.com)-->\n                          <svg version=\"1.1\" xmlns=\"http:\/\/www.w3.org\/2000\/svg\" xmlns:xlink=\"http:\/\/www.w3.org\/1999\/xlink\" id=\"bars\" viewBox=\"0 0 1536 1896.0833\">\n                            <path d=\"M1536 1344v128q0 26-19 45t-45 19H64q-26 0-45-19t-19-45v-128q0-26 19-45t45-19h1408q26 0 45 19t19 45zm0-512v128q0 26-19 45t-45 19H64q-26 0-45-19T0 960V832q0-26 19-45t45-19h1408q26 0 45 19t19 45zm0-512v128q0 26-19 45t-45 19H64q-26 0-45-19T0 448V320q0-26 19-45t45-19h1408q26 0 45 19t19 45z\"><\/path>\n                          <\/svg>\n                        <\/div>\n                      <\/div>\n                    <\/a>\n                    <div id=\"offcanvas-wrapper-6-c6\" class=\"h-offcanvas-panel offcanvas offcanvas-right hide force-hide style-466-offscreen style-local-6-c6-offscreen\">\n                      <div data-colibri-id=\"6-c7\" class=\"d-flex flex-column h-offscreen-panel style-467 style-local-6-c7 position-relative h-element\">\n                        <!---->\n                        <div class=\"offscreen-header h-ui-empty-state-container\">\n                          <div data-colibri-id=\"6-c9\" class=\"h-row-container gutters-row-lg-0 gutters-row-md-0 gutters-row-0 gutters-row-v-lg-0 gutters-row-v-md-0 gutters-row-v-0 style-469 style-local-6-c9 position-relative\">\n                            <!---->\n                            <div class=\"h-row justify-content-lg-center justify-content-md-center justify-content-center align-items-lg-stretch align-items-md-stretch align-items-stretch gutters-col-lg-0 gutters-col-md-0 gutters-col-0 gutters-col-v-lg-0 gutters-col-v-md-0 gutters-col-v-0\">\n                              <!---->\n                              <div class=\"h-column h-column-container d-flex h-col-lg h-col-md h-col-auto style-470-outer style-local-6-c10-outer\">\n                                <div data-colibri-id=\"6-c10\" class=\"d-flex h-flex-basis h-column__inner h-px-lg-2 h-px-md-2 h-px-2 v-inner-lg-2 v-inner-md-2 v-inner-2 style-470 style-local-6-c10 position-relative\">\n                                  <!---->\n                                  <!---->\n                                  <div class=\"w-100 h-y-container h-column__content h-column__v-align flex-basis-100 align-self-lg-start align-self-md-start align-self-start\">\n                                    <!---->\n                                    <div data-colibri-id=\"6-c11\" class=\"d-flex align-items-center text-lg-center text-md-center text-center justify-content-lg-center justify-content-md-center justify-content-center style-471 style-local-6-c11 position-relative h-element\">\n                                      <!---->\n                                      <a rel=\"home\" href=\"https:\/\/apbillardclub.fr\/\" h-use-smooth-scroll=\"true\" class=\"d-flex align-items-center\">\n                                        <img decoding=\"async\" src=\"https:\/\/apbillardclub.fr\/wp-content\/uploads\/2025\/05\/cropped-logo-01.png\" class=\"h-logo__image h-logo__image_h logo-image style-471-image style-local-6-c11-image\" alt=\"\" \/>\n                                        <img decoding=\"async\" src=\"https:\/\/apbillardclub.fr\/wp-content\/uploads\/2025\/05\/cropped-logo-01.png\" class=\"h-logo__alt-image h-logo__alt-image_h logo-alt-image style-471-image style-local-6-c11-image\">\n                                      <\/a>\n                                    <\/div>\n                                  <\/div>\n                                <\/div>\n                              <\/div>\n                            <\/div>\n                          <\/div>\n                        <\/div>\n                        <div class=\"offscreen-content\">\n                          <!---->\n                          <div data-colibri-component=\"accordion-menu\" role=\"navigation\" h-use-smooth-scroll-all=\"true\" data-colibri-id=\"6-c8\" class=\"h-menu h-global-transition-all h-ignore-global-body-typography h-mobile-menu h-menu-accordion style-468 style-local-6-c8 position-relative h-element\">\n                            <!---->\n                            <div class=\"h-global-transition-all h-mobile-menu\"><div class=\"colibri-menu-container\"><ul id=\"menu-footer-1\" class=\"colibri-menu none \"><li class=\"menu-item menu-item-type-post_type menu-item-object-page menu-item-869\"><a href=\"https:\/\/apbillardclub.fr\/index.php\/galerie-photo\/\">Galerie photo<\/a><\/li>\n<li class=\"menu-item menu-item-type-post_type menu-item-object-page menu-item-444\"><a href=\"https:\/\/apbillardclub.fr\/index.php\/nous-contacter\/\">Nous contacter<\/a><\/li>\n<li class=\"menu-item menu-item-type-post_type menu-item-object-page menu-item-443\"><a href=\"https:\/\/apbillardclub.fr\/index.php\/sponsors-partenaires\/\">Sponsors &amp; Partenaires<\/a><\/li>\n<\/ul><\/div><\/div>\n                          <\/div>\n                        <\/div>\n                        <div class=\"offscreen-footer h-ui-empty-state-container\">\n                          <div data-colibri-id=\"6-c12\" class=\"h-row-container gutters-row-lg-0 gutters-row-md-0 gutters-row-0 gutters-row-v-lg-0 gutters-row-v-md-0 gutters-row-v-0 style-472 style-local-6-c12 position-relative\">\n                            <!---->\n                            <div class=\"h-row justify-content-lg-center justify-content-md-center justify-content-center align-items-lg-stretch align-items-md-stretch align-items-stretch gutters-col-lg-0 gutters-col-md-0 gutters-col-0 gutters-col-v-lg-0 gutters-col-v-md-0 gutters-col-v-0\">\n                              <!---->\n                              <div class=\"h-column h-column-container d-flex h-col-lg h-col-md h-col-auto style-473-outer style-local-6-c13-outer\">\n                                <div data-colibri-id=\"6-c13\" class=\"d-flex h-flex-basis h-column__inner h-px-lg-2 h-px-md-2 h-px-2 v-inner-lg-2 v-inner-md-2 v-inner-2 style-473 style-local-6-c13 position-relative\">\n                                  <!---->\n                                  <!---->\n                                  <div class=\"w-100 h-y-container h-column__content h-column__v-align flex-basis-100 align-self-lg-start align-self-md-start align-self-start\">\n                                    <!---->\n                                    <div data-colibri-id=\"6-c14\" class=\"h-text h-text-component style-474 style-local-6-c14 position-relative h-element\">\n                                      <!---->\n                                      <!---->\n                                      <div class=\"\">\n                                        <p>\u00a9 2025<\/p>\n                                      <\/div>\n                                    <\/div>\n                                  <\/div>\n                                <\/div>\n                              <\/div>\n                            <\/div>\n                          <\/div>\n                        <\/div>\n                      <\/div>\n                    <\/div>\n                    <div id=\"offcanvas-overlay-6-c6\" class=\"offscreen-overlay style-466-offscreenOverlay style-local-6-c6-offscreenOverlay\"><\/div>\n                  <\/div>\n                <\/div>\n              <\/div>\n            <\/div>\n          <\/div>\n        <\/div>\n      <\/div>\n    <\/div>\n  <\/div>\n<\/div>","protected":false},"excerpt":{"rendered":"<p>\u00a9 2025 [&hellip;]<\/p>\n","protected":false},"author":2,"featured_media":161,"parent":0,"menu_order":0,"comment_status":"closed","ping_status":"closed","template":"page-templates\/homepage.php","meta":{"footnotes":""},"class_list":["post-6","page","type-page","status-publish","has-post-thumbnail","hentry"],"yoast_head":"<!-- This site is optimized with the Yoast SEO plugin v25.9 - https:\/\/yoast.com\/wordpress\/plugins\/seo\/ -->\n<title>Accueil - Amiens Picardie Billard Amiens Picardie Billard<\/title>\n<meta name=\"description\" content=\"Depuis 1993, l\u2019association Amiens Picardie Billard est affili\u00e9e \u00e0 la F\u00e9d\u00e9ration Fran\u00e7aise de Billard et fait rayonner la passion du billard \u00e0 Amiens et dans toute la r\u00e9gion Hauts-de-France.\" \/>\n<meta name=\"robots\" content=\"index, follow, max-snippet:-1, max-image-preview:large, max-video-preview:-1\" \/>\n<link rel=\"canonical\" href=\"https:\/\/apbillardclub.fr\/\" \/>\n<meta property=\"og:locale\" content=\"fr_FR\" \/>\n<meta property=\"og:type\" content=\"article\" \/>\n<meta property=\"og:title\" content=\"Accueil - Amiens Picardie Billard Amiens Picardie Billard\" \/>\n<meta property=\"og:description\" content=\"Depuis 1993, l\u2019association Amiens Picardie Billard est affili\u00e9e \u00e0 la F\u00e9d\u00e9ration Fran\u00e7aise de Billard et fait rayonner la passion du billard \u00e0 Amiens et dans toute la r\u00e9gion Hauts-de-France.\" \/>\n<meta property=\"og:url\" content=\"https:\/\/apbillardclub.fr\/\" \/>\n<meta property=\"og:site_name\" content=\"Amiens Picardie Billard\" \/>\n<meta property=\"article:publisher\" content=\"https:\/\/www.facebook.com\/profile.php?id=100054000347820\" \/>\n<meta property=\"article:modified_time\" content=\"2025-09-14T08:06:46+00:00\" \/>\n<meta property=\"og:image\" content=\"https:\/\/apbillardclub.fr\/wp-content\/uploads\/2025\/05\/cropped-cropped-cropped-cropped-FB-scaled-1.jpg\" \/>\n\t<meta property=\"og:image:width\" content=\"2552\" \/>\n\t<meta property=\"og:image:height\" content=\"1911\" \/>\n\t<meta property=\"og:image:type\" content=\"image\/jpeg\" \/>\n<meta name=\"twitter:card\" content=\"summary_large_image\" \/>\n<meta name=\"twitter:label1\" content=\"Dur\u00e9e de lecture estim\u00e9e\" \/>\n\t<meta name=\"twitter:data1\" content=\"1 minute\" \/>\n<script type=\"application\/ld+json\" class=\"yoast-schema-graph\">{\"@context\":\"https:\/\/schema.org\",\"@graph\":[{\"@type\":\"WebPage\",\"@id\":\"https:\/\/apbillardclub.fr\/\",\"url\":\"https:\/\/apbillardclub.fr\/\",\"name\":\"Accueil - Amiens Picardie Billard Amiens Picardie Billard\",\"isPartOf\":{\"@id\":\"https:\/\/apbillardclub.fr\/#website\"},\"primaryImageOfPage\":{\"@id\":\"https:\/\/apbillardclub.fr\/#primaryimage\"},\"image\":{\"@id\":\"https:\/\/apbillardclub.fr\/#primaryimage\"},\"thumbnailUrl\":\"https:\/\/apbillardclub.fr\/wp-content\/uploads\/2025\/05\/cropped-cropped-cropped-cropped-FB-scaled-1.jpg\",\"datePublished\":\"2025-05-26T18:06:58+00:00\",\"dateModified\":\"2025-09-14T08:06:46+00:00\",\"description\":\"Depuis 1993, l\u2019association Amiens Picardie Billard est affili\u00e9e \u00e0 la F\u00e9d\u00e9ration Fran\u00e7aise de Billard et fait rayonner la passion du billard \u00e0 Amiens et dans toute la r\u00e9gion Hauts-de-France.\",\"breadcrumb\":{\"@id\":\"https:\/\/apbillardclub.fr\/#breadcrumb\"},\"inLanguage\":\"fr-FR\",\"potentialAction\":[{\"@type\":\"ReadAction\",\"target\":[\"https:\/\/apbillardclub.fr\/\"]}]},{\"@type\":\"ImageObject\",\"inLanguage\":\"fr-FR\",\"@id\":\"https:\/\/apbillardclub.fr\/#primaryimage\",\"url\":\"https:\/\/apbillardclub.fr\/wp-content\/uploads\/2025\/05\/cropped-cropped-cropped-cropped-FB-scaled-1.jpg\",\"contentUrl\":\"https:\/\/apbillardclub.fr\/wp-content\/uploads\/2025\/05\/cropped-cropped-cropped-cropped-FB-scaled-1.jpg\",\"width\":2552,\"height\":1911},{\"@type\":\"BreadcrumbList\",\"@id\":\"https:\/\/apbillardclub.fr\/#breadcrumb\",\"itemListElement\":[{\"@type\":\"ListItem\",\"position\":1,\"name\":\"Accueil\",\"item\":\"https:\/\/apbillardclub.fr\/\"},{\"@type\":\"ListItem\",\"position\":2,\"name\":\"Accueil\"}]},{\"@type\":\"WebSite\",\"@id\":\"https:\/\/apbillardclub.fr\/#website\",\"url\":\"https:\/\/apbillardclub.fr\/\",\"name\":\"Amiens Picardie Billard\",\"description\":\"APB\",\"publisher\":{\"@id\":\"https:\/\/apbillardclub.fr\/#organization\"},\"alternateName\":\"Club FFB de billard d'Amiens\",\"potentialAction\":[{\"@type\":\"SearchAction\",\"target\":{\"@type\":\"EntryPoint\",\"urlTemplate\":\"https:\/\/apbillardclub.fr\/?s={search_term_string}\"},\"query-input\":{\"@type\":\"PropertyValueSpecification\",\"valueRequired\":true,\"valueName\":\"search_term_string\"}}],\"inLanguage\":\"fr-FR\"},{\"@type\":\"Organization\",\"@id\":\"https:\/\/apbillardclub.fr\/#organization\",\"name\":\"Amiens Picardie Billard\",\"url\":\"https:\/\/apbillardclub.fr\/\",\"logo\":{\"@type\":\"ImageObject\",\"inLanguage\":\"fr-FR\",\"@id\":\"https:\/\/apbillardclub.fr\/#\/schema\/logo\/image\/\",\"url\":\"https:\/\/apbillardclub.fr\/wp-content\/uploads\/2025\/05\/cropped-profil-2.jpg\",\"contentUrl\":\"https:\/\/apbillardclub.fr\/wp-content\/uploads\/2025\/05\/cropped-profil-2.jpg\",\"width\":718,\"height\":718,\"caption\":\"Amiens Picardie Billard\"},\"image\":{\"@id\":\"https:\/\/apbillardclub.fr\/#\/schema\/logo\/image\/\"},\"sameAs\":[\"https:\/\/www.facebook.com\/profile.php?id=100054000347820\"]}]}<\/script>\n<!-- \/ Yoast SEO plugin. -->","yoast_head_json":{"title":"Accueil - Amiens Picardie Billard Amiens Picardie Billard","description":"Depuis 1993, l\u2019association Amiens Picardie Billard est affili\u00e9e \u00e0 la F\u00e9d\u00e9ration Fran\u00e7aise de Billard et fait rayonner la passion du billard \u00e0 Amiens et dans toute la r\u00e9gion Hauts-de-France.","robots":{"index":"index","follow":"follow","max-snippet":"max-snippet:-1","max-image-preview":"max-image-preview:large","max-video-preview":"max-video-preview:-1"},"canonical":"https:\/\/apbillardclub.fr\/","og_locale":"fr_FR","og_type":"article","og_title":"Accueil - Amiens Picardie Billard Amiens Picardie Billard","og_description":"Depuis 1993, l\u2019association Amiens Picardie Billard est affili\u00e9e \u00e0 la F\u00e9d\u00e9ration Fran\u00e7aise de Billard et fait rayonner la passion du billard \u00e0 Amiens et dans toute la r\u00e9gion Hauts-de-France.","og_url":"https:\/\/apbillardclub.fr\/","og_site_name":"Amiens Picardie Billard","article_publisher":"https:\/\/www.facebook.com\/profile.php?id=100054000347820","article_modified_time":"2025-09-14T08:06:46+00:00","og_image":[{"width":2552,"height":1911,"url":"https:\/\/apbillardclub.fr\/wp-content\/uploads\/2025\/05\/cropped-cropped-cropped-cropped-FB-scaled-1.jpg","type":"image\/jpeg"}],"twitter_card":"summary_large_image","twitter_misc":{"Dur\u00e9e de lecture estim\u00e9e":"1 minute"},"schema":{"@context":"https:\/\/schema.org","@graph":[{"@type":"WebPage","@id":"https:\/\/apbillardclub.fr\/","url":"https:\/\/apbillardclub.fr\/","name":"Accueil - Amiens Picardie Billard Amiens Picardie Billard","isPartOf":{"@id":"https:\/\/apbillardclub.fr\/#website"},"primaryImageOfPage":{"@id":"https:\/\/apbillardclub.fr\/#primaryimage"},"image":{"@id":"https:\/\/apbillardclub.fr\/#primaryimage"},"thumbnailUrl":"https:\/\/apbillardclub.fr\/wp-content\/uploads\/2025\/05\/cropped-cropped-cropped-cropped-FB-scaled-1.jpg","datePublished":"2025-05-26T18:06:58+00:00","dateModified":"2025-09-14T08:06:46+00:00","description":"Depuis 1993, l\u2019association Amiens Picardie Billard est affili\u00e9e \u00e0 la F\u00e9d\u00e9ration Fran\u00e7aise de Billard et fait rayonner la passion du billard \u00e0 Amiens et dans toute la r\u00e9gion Hauts-de-France.","breadcrumb":{"@id":"https:\/\/apbillardclub.fr\/#breadcrumb"},"inLanguage":"fr-FR","potentialAction":[{"@type":"ReadAction","target":["https:\/\/apbillardclub.fr\/"]}]},{"@type":"ImageObject","inLanguage":"fr-FR","@id":"https:\/\/apbillardclub.fr\/#primaryimage","url":"https:\/\/apbillardclub.fr\/wp-content\/uploads\/2025\/05\/cropped-cropped-cropped-cropped-FB-scaled-1.jpg","contentUrl":"https:\/\/apbillardclub.fr\/wp-content\/uploads\/2025\/05\/cropped-cropped-cropped-cropped-FB-scaled-1.jpg","width":2552,"height":1911},{"@type":"BreadcrumbList","@id":"https:\/\/apbillardclub.fr\/#breadcrumb","itemListElement":[{"@type":"ListItem","position":1,"name":"Accueil","item":"https:\/\/apbillardclub.fr\/"},{"@type":"ListItem","position":2,"name":"Accueil"}]},{"@type":"WebSite","@id":"https:\/\/apbillardclub.fr\/#website","url":"https:\/\/apbillardclub.fr\/","name":"Amiens Picardie Billard","description":"APB","publisher":{"@id":"https:\/\/apbillardclub.fr\/#organization"},"alternateName":"Club FFB de billard d'Amiens","potentialAction":[{"@type":"SearchAction","target":{"@type":"EntryPoint","urlTemplate":"https:\/\/apbillardclub.fr\/?s={search_term_string}"},"query-input":{"@type":"PropertyValueSpecification","valueRequired":true,"valueName":"search_term_string"}}],"inLanguage":"fr-FR"},{"@type":"Organization","@id":"https:\/\/apbillardclub.fr\/#organization","name":"Amiens Picardie Billard","url":"https:\/\/apbillardclub.fr\/","logo":{"@type":"ImageObject","inLanguage":"fr-FR","@id":"https:\/\/apbillardclub.fr\/#\/schema\/logo\/image\/","url":"https:\/\/apbillardclub.fr\/wp-content\/uploads\/2025\/05\/cropped-profil-2.jpg","contentUrl":"https:\/\/apbillardclub.fr\/wp-content\/uploads\/2025\/05\/cropped-profil-2.jpg","width":718,"height":718,"caption":"Amiens Picardie Billard"},"image":{"@id":"https:\/\/apbillardclub.fr\/#\/schema\/logo\/image\/"},"sameAs":["https:\/\/www.facebook.com\/profile.php?id=100054000347820"]}]}},"_links":{"self":[{"href":"https:\/\/apbillardclub.fr\/index.php\/wp-json\/wp\/v2\/pages\/6","targetHints":{"allow":["GET"]}}],"collection":[{"href":"https:\/\/apbillardclub.fr\/index.php\/wp-json\/wp\/v2\/pages"}],"about":[{"href":"https:\/\/apbillardclub.fr\/index.php\/wp-json\/wp\/v2\/types\/page"}],"author":[{"embeddable":true,"href":"https:\/\/apbillardclub.fr\/index.php\/wp-json\/wp\/v2\/users\/2"}],"replies":[{"embeddable":true,"href":"https:\/\/apbillardclub.fr\/index.php\/wp-json\/wp\/v2\/comments?post=6"}],"version-history":[{"count":20,"href":"https:\/\/apbillardclub.fr\/index.php\/wp-json\/wp\/v2\/pages\/6\/revisions"}],"predecessor-version":[{"id":1012,"href":"https:\/\/apbillardclub.fr\/index.php\/wp-json\/wp\/v2\/pages\/6\/revisions\/1012"}],"wp:featuredmedia":[{"embeddable":true,"href":"https:\/\/apbillardclub.fr\/index.php\/wp-json\/wp\/v2\/media\/161"}],"wp:attachment":[{"href":"https:\/\/apbillardclub.fr\/index.php\/wp-json\/wp\/v2\/media?parent=6"}],"curies":[{"name":"wp","href":"https:\/\/api.w.org\/{rel}","templated":true}]}}