{"id":871,"date":"2025-08-15T06:25:10","date_gmt":"2025-08-15T04:25:10","guid":{"rendered":"https:\/\/apbillardclub.fr\/?page_id=871"},"modified":"2025-09-16T18:36:14","modified_gmt":"2025-09-16T16:36:14","slug":"competitions-2","status":"publish","type":"page","link":"https:\/\/apbillardclub.fr\/index.php\/competitions-2\/","title":{"rendered":"Comp\u00e9titions"},"content":{"rendered":"<div class=\"style-494 style-local-871-c1 position-relative\" data-colibri-id=\"871-c1\">\n<div id=\"custom\" class=\"h-section h-section-global-spacing d-flex align-items-lg-center align-items-md-center align-items-center style-499 style-local-871-c6 position-relative\" data-colibri-component=\"section\" data-colibri-id=\"871-c6\">\n<div class=\"h-section-grid-container h-section-boxed-container\">\n<div class=\"h-row-container gutters-row-lg-2 gutters-row-md-2 gutters-row-0 gutters-row-v-lg-2 gutters-row-v-md-2 gutters-row-v-2 style-500 style-local-871-c7 position-relative\" data-colibri-id=\"871-c7\">\n<div class=\"h-row justify-content-lg-center justify-content-md-center justify-content-center align-items-lg-stretch align-items-md-stretch align-items-stretch gutters-col-lg-2 gutters-col-md-2 gutters-col-0 gutters-col-v-lg-2 gutters-col-v-md-2 gutters-col-v-2\">\n<div class=\"h-column h-column-container d-flex h-col-lg-auto h-col-md-auto h-col-auto style-501-outer style-local-871-c8-outer\">\n<div class=\"d-flex h-flex-basis h-column__inner h-px-lg-2 h-px-md-2 h-px-2 v-inner-lg-2 v-inner-md-2 v-inner-2 style-501 style-local-871-c8 position-relative\" data-colibri-id=\"871-c8\">\n<div class=\"w-100 h-y-container h-column__content h-column__v-align flex-basis-100 align-self-lg-start align-self-md-start align-self-start\">\n<div class=\"h-text h-text-component style-502 style-local-871-c9 position-relative h-element\" data-colibri-id=\"871-c9\">\n<div class=\"\">\n<h2>\ud83c\udfc6 Comp\u00e9titions de Billard FFB \u2013 Ligue Hauts-de-France<\/h2>\nLa <strong>Ligue de Billard Hauts-de-France<\/strong>, affili\u00e9e \u00e0 la <strong>F\u00e9d\u00e9ration Fran\u00e7aise de Billard (FFB)<\/strong>, organise chaque saison un grand nombre de comp\u00e9titions dans toutes les disciplines : <strong>carambole<\/strong>,\n<strong>blackball<\/strong>, <strong>billard am\u00e9ricain<\/strong> et <strong>snooker.<\/strong>\n<pre>Que vous soyez joueur <strong data-start=\"562\" data-end=\"572\">loisir<\/strong>, <strong data-start=\"574\" data-end=\"598\">comp\u00e9titeur confirm\u00e9<\/strong> ou <strong data-start=\"602\" data-end=\"624\">jeune en formation<\/strong>, il existe une comp\u00e9tition adapt\u00e9e \u00e0 votre niveau.\n\n<\/pre>\n<h3>\ud83d\udccc Les principaux types de comp\u00e9titions<\/h3>\n<div class=\"_tableContainer_1rjym_1\">\n<div class=\"_tableWrapper_1rjym_13 group flex w-fit flex-col-reverse\" tabindex=\"-1\">\n<table class=\"w-fit min-w-(--thread-content-width)\" data-start=\"727\" data-end=\"1724\">\n<thead data-start=\"727\" data-end=\"859\">\n<tr data-start=\"727\" data-end=\"859\">\n<th data-start=\"727\" data-end=\"771\" data-col-size=\"sm\">Type de Comp\u00e9tition<\/th>\n<th data-start=\"771\" data-end=\"818\" data-col-size=\"md\">Disciplines concern\u00e9es<\/th>\n<th data-start=\"818\" data-end=\"837\" data-col-size=\"sm\">Niveau<\/th>\n<th data-start=\"837\" data-end=\"859\" data-col-size=\"sm\">Objectif principal<\/th>\n<\/tr>\n<\/thead>\n<tbody data-start=\"994\" data-end=\"1724\">\n<tr data-start=\"994\" data-end=\"1159\">\n<td data-start=\"994\" data-end=\"1038\" data-col-size=\"sm\"><strong data-start=\"996\" data-end=\"1024\">Championnats Individuels<\/strong><\/td>\n<td data-col-size=\"md\" data-start=\"1038\" data-end=\"1098\">Carambole (Libre, Cadre, 3 Bandes\u2026), Blackball, Am\u00e9ricain<\/td>\n<td data-col-size=\"sm\" data-start=\"1098\" data-end=\"1120\">D\u00e9partemental \u2192 National<\/td>\n<td data-col-size=\"sm\" data-start=\"1120\" data-end=\"1159\">Qualification aux phases nationales<\/td>\n<\/tr>\n<tr data-start=\"1160\" data-end=\"1296\">\n<td data-start=\"1160\" data-end=\"1204\" data-col-size=\"sm\"><strong data-start=\"1162\" data-end=\"1198\">Championnats par \u00c9quipes de Club<\/strong><\/td>\n<td data-col-size=\"md\" data-start=\"1204\" data-end=\"1252\">Carambole (3 Bandes D3\u2013D5, Jeux de S\u00e9rie\u2026)<\/td>\n<td data-col-size=\"sm\" data-start=\"1252\" data-end=\"1271\">Ligue \u2192 France<\/td>\n<td data-col-size=\"sm\" data-start=\"1271\" data-end=\"1296\">Rencontres interclubs<\/td>\n<\/tr>\n<tr data-start=\"1297\" data-end=\"1437\">\n<td data-start=\"1297\" data-end=\"1342\" data-col-size=\"sm\"><strong data-start=\"1299\" data-end=\"1321\">Tournois R\u00e9gionaux<\/strong><\/td>\n<td data-col-size=\"md\" data-start=\"1342\" data-end=\"1390\">Blackball, Am\u00e9ricain, Snooker<\/td>\n<td data-col-size=\"sm\" data-start=\"1390\" data-end=\"1409\">R\u00e9gional<\/td>\n<td data-col-size=\"sm\" data-start=\"1409\" data-end=\"1437\">Classements &amp; d\u00e9couverte<\/td>\n<\/tr>\n<tr data-start=\"1438\" data-end=\"1584\">\n<td data-start=\"1438\" data-end=\"1485\" data-col-size=\"sm\"><strong data-start=\"1440\" data-end=\"1484\">Comp\u00e9titions Jeunes et \u00c9coles de Billard<\/strong><\/td>\n<td data-col-size=\"md\" data-start=\"1485\" data-end=\"1533\">Libre, 4 Billes, Blackball Jeunes<\/td>\n<td data-col-size=\"sm\" data-start=\"1533\" data-end=\"1557\">D\u00e9partemental \/ Ligue<\/td>\n<td data-col-size=\"sm\" data-start=\"1557\" data-end=\"1584\">Formation &amp; progression<\/td>\n<\/tr>\n<tr data-start=\"1585\" data-end=\"1724\">\n<td data-start=\"1585\" data-end=\"1629\" data-col-size=\"sm\"><strong data-start=\"1587\" data-end=\"1624\">Comp\u00e9titions F\u00e9minines &amp; V\u00e9t\u00e9rans<\/strong><\/td>\n<td data-col-size=\"md\" data-start=\"1629\" data-end=\"1677\">Libre, 3 Bandes, Blackball<\/td>\n<td data-col-size=\"sm\" data-start=\"1677\" data-end=\"1696\">R\u00e9gional<\/td>\n<td data-col-size=\"sm\" data-start=\"1696\" data-end=\"1724\">Promotion de la pratique<\/td>\n<\/tr>\n<\/tbody>\n<\/table>\n<\/div>\n<\/div>\n<h3>\ud83c\udfaf Pourquoi participer aux comp\u00e9titions ?<\/h3>\n\u2705 Se mesurer \u00e0 d\u2019autres joueurs de la r\u00e9gion<br data-start=\"3017\" data-end=\"3020\" \/>\u2705 Progresser dans sa discipline gr\u00e2ce \u00e0 l\u2019exp\u00e9rience de jeu<br data-start=\"3079\" data-end=\"3082\" \/>\u2705 Rencontrer et \u00e9changer avec la communaut\u00e9 billard<br data-start=\"3133\" data-end=\"3136\" \/>\u2705 Acc\u00e9der aux phases nationales de la FFB<br data-start=\"3177\" data-end=\"3180\" \/>\u2705 Repr\u00e9senter son club et sa ville\n\n<\/div>\n\ud83d\udcac <em data-start=\"3224\" data-end=\"3398\">Vous \u00eates licenci\u00e9(e) FFB dans les Hauts-de-France ?\nConsultez d\u00e8s maintenant le calendrier, inscrivez-vous aux \u00e9preuves et vivez l\u2019exp\u00e9rience des comp\u00e9titions r\u00e9gionales !<\/em>\n\n<\/div>\n<\/div>\n<\/div>\n<\/div>\n<\/div>\n<\/div>\n<\/div>\n<\/div>\n<\/div>","protected":false},"excerpt":{"rendered":"<p>\ud83c\udfc6 Comp\u00e9titions de Billard FFB \u2013 Ligue Hauts-de-France La Ligue de Billard Hauts-de-France, [&hellip;]<\/p>\n","protected":false},"author":2,"featured_media":0,"parent":0,"menu_order":0,"comment_status":"closed","ping_status":"closed","template":"page-templates\/full-width-page.php","meta":{"footnotes":""},"class_list":["post-871","page","type-page","status-publish","hentry"],"yoast_head":"<!-- This site is optimized with the Yoast SEO plugin v25.9 - https:\/\/yoast.com\/wordpress\/plugins\/seo\/ -->\n<title>Comp\u00e9titions - Amiens Picardie Billard<\/title>\n<meta name=\"robots\" content=\"index, follow, max-snippet:-1, max-image-preview:large, max-video-preview:-1\" \/>\n<link rel=\"canonical\" href=\"https:\/\/apbillardclub.fr\/index.php\/competitions-2\/\" \/>\n<meta property=\"og:locale\" content=\"fr_FR\" \/>\n<meta property=\"og:type\" content=\"article\" \/>\n<meta property=\"og:title\" content=\"Comp\u00e9titions - Amiens Picardie Billard\" \/>\n<meta property=\"og:description\" content=\"\ud83c\udfc6 Comp\u00e9titions de Billard FFB \u2013 Ligue Hauts-de-France La Ligue de Billard Hauts-de-France, [&hellip;]\" \/>\n<meta property=\"og:url\" content=\"https:\/\/apbillardclub.fr\/index.php\/competitions-2\/\" \/>\n<meta property=\"og:site_name\" content=\"Amiens Picardie Billard\" \/>\n<meta property=\"article:publisher\" content=\"https:\/\/www.facebook.com\/profile.php?id=100054000347820\" \/>\n<meta property=\"article:modified_time\" content=\"2025-09-16T16:36:14+00:00\" \/>\n<meta property=\"og:image\" content=\"https:\/\/apbillardclub.fr\/wp-content\/uploads\/2025\/08\/cropped-fond-1-scaled-1.jpg\" \/>\n\t<meta property=\"og:image:width\" content=\"2560\" \/>\n\t<meta property=\"og:image:height\" content=\"1601\" \/>\n\t<meta property=\"og:image:type\" content=\"image\/jpeg\" \/>\n<meta name=\"twitter:card\" content=\"summary_large_image\" \/>\n<meta name=\"twitter:label1\" content=\"Dur\u00e9e de lecture estim\u00e9e\" \/>\n\t<meta name=\"twitter:data1\" content=\"1 minute\" \/>\n<script type=\"application\/ld+json\" class=\"yoast-schema-graph\">{\"@context\":\"https:\/\/schema.org\",\"@graph\":[{\"@type\":\"WebPage\",\"@id\":\"https:\/\/apbillardclub.fr\/index.php\/competitions-2\/\",\"url\":\"https:\/\/apbillardclub.fr\/index.php\/competitions-2\/\",\"name\":\"Comp\u00e9titions - Amiens Picardie Billard\",\"isPartOf\":{\"@id\":\"https:\/\/apbillardclub.fr\/#website\"},\"datePublished\":\"2025-08-15T04:25:10+00:00\",\"dateModified\":\"2025-09-16T16:36:14+00:00\",\"breadcrumb\":{\"@id\":\"https:\/\/apbillardclub.fr\/index.php\/competitions-2\/#breadcrumb\"},\"inLanguage\":\"fr-FR\",\"potentialAction\":[{\"@type\":\"ReadAction\",\"target\":[\"https:\/\/apbillardclub.fr\/index.php\/competitions-2\/\"]}]},{\"@type\":\"BreadcrumbList\",\"@id\":\"https:\/\/apbillardclub.fr\/index.php\/competitions-2\/#breadcrumb\",\"itemListElement\":[{\"@type\":\"ListItem\",\"position\":1,\"name\":\"Accueil\",\"item\":\"https:\/\/apbillardclub.fr\/\"},{\"@type\":\"ListItem\",\"position\":2,\"name\":\"Comp\u00e9titions\"}]},{\"@type\":\"WebSite\",\"@id\":\"https:\/\/apbillardclub.fr\/#website\",\"url\":\"https:\/\/apbillardclub.fr\/\",\"name\":\"Amiens Picardie Billard\",\"description\":\"APB\",\"publisher\":{\"@id\":\"https:\/\/apbillardclub.fr\/#organization\"},\"alternateName\":\"Club FFB de billard d'Amiens\",\"potentialAction\":[{\"@type\":\"SearchAction\",\"target\":{\"@type\":\"EntryPoint\",\"urlTemplate\":\"https:\/\/apbillardclub.fr\/?s={search_term_string}\"},\"query-input\":{\"@type\":\"PropertyValueSpecification\",\"valueRequired\":true,\"valueName\":\"search_term_string\"}}],\"inLanguage\":\"fr-FR\"},{\"@type\":\"Organization\",\"@id\":\"https:\/\/apbillardclub.fr\/#organization\",\"name\":\"Amiens Picardie Billard\",\"url\":\"https:\/\/apbillardclub.fr\/\",\"logo\":{\"@type\":\"ImageObject\",\"inLanguage\":\"fr-FR\",\"@id\":\"https:\/\/apbillardclub.fr\/#\/schema\/logo\/image\/\",\"url\":\"https:\/\/apbillardclub.fr\/wp-content\/uploads\/2025\/05\/cropped-profil-2.jpg\",\"contentUrl\":\"https:\/\/apbillardclub.fr\/wp-content\/uploads\/2025\/05\/cropped-profil-2.jpg\",\"width\":718,\"height\":718,\"caption\":\"Amiens Picardie Billard\"},\"image\":{\"@id\":\"https:\/\/apbillardclub.fr\/#\/schema\/logo\/image\/\"},\"sameAs\":[\"https:\/\/www.facebook.com\/profile.php?id=100054000347820\"]}]}<\/script>\n<!-- \/ Yoast SEO plugin. -->","yoast_head_json":{"title":"Comp\u00e9titions - Amiens Picardie Billard","robots":{"index":"index","follow":"follow","max-snippet":"max-snippet:-1","max-image-preview":"max-image-preview:large","max-video-preview":"max-video-preview:-1"},"canonical":"https:\/\/apbillardclub.fr\/index.php\/competitions-2\/","og_locale":"fr_FR","og_type":"article","og_title":"Comp\u00e9titions - Amiens Picardie Billard","og_description":"\ud83c\udfc6 Comp\u00e9titions de Billard FFB \u2013 Ligue Hauts-de-France La Ligue de Billard Hauts-de-France, [&hellip;]","og_url":"https:\/\/apbillardclub.fr\/index.php\/competitions-2\/","og_site_name":"Amiens Picardie Billard","article_publisher":"https:\/\/www.facebook.com\/profile.php?id=100054000347820","article_modified_time":"2025-09-16T16:36:14+00:00","og_image":[{"width":2560,"height":1601,"url":"https:\/\/apbillardclub.fr\/wp-content\/uploads\/2025\/08\/cropped-fond-1-scaled-1.jpg","type":"image\/jpeg"}],"twitter_card":"summary_large_image","twitter_misc":{"Dur\u00e9e de lecture estim\u00e9e":"1 minute"},"schema":{"@context":"https:\/\/schema.org","@graph":[{"@type":"WebPage","@id":"https:\/\/apbillardclub.fr\/index.php\/competitions-2\/","url":"https:\/\/apbillardclub.fr\/index.php\/competitions-2\/","name":"Comp\u00e9titions - Amiens Picardie Billard","isPartOf":{"@id":"https:\/\/apbillardclub.fr\/#website"},"datePublished":"2025-08-15T04:25:10+00:00","dateModified":"2025-09-16T16:36:14+00:00","breadcrumb":{"@id":"https:\/\/apbillardclub.fr\/index.php\/competitions-2\/#breadcrumb"},"inLanguage":"fr-FR","potentialAction":[{"@type":"ReadAction","target":["https:\/\/apbillardclub.fr\/index.php\/competitions-2\/"]}]},{"@type":"BreadcrumbList","@id":"https:\/\/apbillardclub.fr\/index.php\/competitions-2\/#breadcrumb","itemListElement":[{"@type":"ListItem","position":1,"name":"Accueil","item":"https:\/\/apbillardclub.fr\/"},{"@type":"ListItem","position":2,"name":"Comp\u00e9titions"}]},{"@type":"WebSite","@id":"https:\/\/apbillardclub.fr\/#website","url":"https:\/\/apbillardclub.fr\/","name":"Amiens Picardie Billard","description":"APB","publisher":{"@id":"https:\/\/apbillardclub.fr\/#organization"},"alternateName":"Club FFB de billard d'Amiens","potentialAction":[{"@type":"SearchAction","target":{"@type":"EntryPoint","urlTemplate":"https:\/\/apbillardclub.fr\/?s={search_term_string}"},"query-input":{"@type":"PropertyValueSpecification","valueRequired":true,"valueName":"search_term_string"}}],"inLanguage":"fr-FR"},{"@type":"Organization","@id":"https:\/\/apbillardclub.fr\/#organization","name":"Amiens Picardie Billard","url":"https:\/\/apbillardclub.fr\/","logo":{"@type":"ImageObject","inLanguage":"fr-FR","@id":"https:\/\/apbillardclub.fr\/#\/schema\/logo\/image\/","url":"https:\/\/apbillardclub.fr\/wp-content\/uploads\/2025\/05\/cropped-profil-2.jpg","contentUrl":"https:\/\/apbillardclub.fr\/wp-content\/uploads\/2025\/05\/cropped-profil-2.jpg","width":718,"height":718,"caption":"Amiens Picardie Billard"},"image":{"@id":"https:\/\/apbillardclub.fr\/#\/schema\/logo\/image\/"},"sameAs":["https:\/\/www.facebook.com\/profile.php?id=100054000347820"]}]}},"_links":{"self":[{"href":"https:\/\/apbillardclub.fr\/index.php\/wp-json\/wp\/v2\/pages\/871","targetHints":{"allow":["GET"]}}],"collection":[{"href":"https:\/\/apbillardclub.fr\/index.php\/wp-json\/wp\/v2\/pages"}],"about":[{"href":"https:\/\/apbillardclub.fr\/index.php\/wp-json\/wp\/v2\/types\/page"}],"author":[{"embeddable":true,"href":"https:\/\/apbillardclub.fr\/index.php\/wp-json\/wp\/v2\/users\/2"}],"replies":[{"embeddable":true,"href":"https:\/\/apbillardclub.fr\/index.php\/wp-json\/wp\/v2\/comments?post=871"}],"version-history":[{"count":20,"href":"https:\/\/apbillardclub.fr\/index.php\/wp-json\/wp\/v2\/pages\/871\/revisions"}],"predecessor-version":[{"id":1073,"href":"https:\/\/apbillardclub.fr\/index.php\/wp-json\/wp\/v2\/pages\/871\/revisions\/1073"}],"wp:attachment":[{"href":"https:\/\/apbillardclub.fr\/index.php\/wp-json\/wp\/v2\/media?parent=871"}],"curies":[{"name":"wp","href":"https:\/\/api.w.org\/{rel}","templated":true}]}}